{"id":1993,"date":"2026-03-09T10:30:15","date_gmt":"2026-03-09T03:30:15","guid":{"rendered":"https:\/\/samyangab-vn.com\/?post_type=product&#038;p=1993"},"modified":"2026-03-12T15:18:56","modified_gmt":"2026-03-12T08:18:56","slug":"da-mai-kim-cuong-doi-630x53x7x240","status":"publish","type":"product","link":"https:\/\/samyangab-vn.com\/en\/product\/da-mai-kim-cuong-doi-630x53x7x240\/","title":{"rendered":"\u0110\u00e1 m\u00e0i kim c\u01b0\u01a1ng \u0111\u00f4i 630x53x7x240"},"content":{"rendered":"<h3><strong><span style=\"color: #000080;\"><span dir=\"auto\" style=\"vertical-align: inherit;\">I<\/span><\/span><span dir=\"auto\" style=\"vertical-align: inherit;\"> Product Information<\/span><\/strong><\/h3>\n<p><b>\u0110\u00e1 m\u00e0i Diamond v\u00e0 CBN <\/b>c\u00f3 th\u1ec3 \u1ee9ng d\u1ee5ng gia c\u00f4ng tr\u00ean nhi\u1ec1u lo\u1ea1i v\u1eadt li\u1ec7u kh\u00e1c nhau. Ti\u00eau bi\u1ec3u nh\u01b0 <strong data-start=\"195\" data-end=\"296\">linh ki\u1ec7n \u00f4 t\u00f4, linh ki\u1ec7n g\u1ed1m, linh ki\u1ec7n th\u1ee7y l\u1ef1c, linh ki\u1ec7n m\u00e1y \u0111i\u1ec1u h\u00f2a v\u00e0 c\u00e1c lo\u1ea1i ph\u1edbt (seal)<\/strong>. Ngo\u00e0i ra, s\u1ea3n ph\u1ea9m c\u00f2n \u0111\u01b0\u1ee3c s\u1eed d\u1ee5ng r\u1ed9ng r\u00e3i \u0111\u1ec3 gia c\u00f4ng c\u00e1c lo\u1ea1i kim lo\u1ea1i nh\u01b0 kim lo\u1ea1i \u0111en v\u00e0 kim lo\u1ea1i m\u00e0u.<\/p>\n<h3><strong><span style=\"color: #000080;\"><span dir=\"auto\" style=\"vertical-align: inherit;\">I<\/span><\/span><span dir=\"auto\" style=\"vertical-align: inherit;\"> Additional Information<\/span><\/strong><\/h3>\n<p><span dir=\"auto\" style=\"vertical-align: inherit;\">Compared to general grinding, a large amount of workpiece is processed at the same time, so the actual individual work time is short.<\/span><br \/>\n<span dir=\"auto\" style=\"vertical-align: inherit;\">Due to the characteristics of double-sided polishing, the product quality and precision are excellent.<\/span><br \/>\n<span dir=\"auto\" style=\"vertical-align: inherit;\">High productivity as it can process a large amount of workpiece in a short time.<\/span><br \/>\n<span dir=\"auto\" style=\"vertical-align: inherit;\">Although the initial investment cost is high, the actual individual tool cost is low because of the short working time and high productivity.<\/span><span dir=\"auto\" style=\"vertical-align: inherit;\"><strong><br \/>\n<\/strong>Compared to general grinding, scattering dust is extremely small, so the working environment is clean and waste disposal costs are greatly reduced.<br \/>\nSince the work environment is clean, no additional investment in environmental management facilities is required.<\/span><\/p>\n<h3><strong><span style=\"color: #000080;\"><span dir=\"auto\" style=\"vertical-align: inherit;\">I<\/span><\/span><span dir=\"auto\" style=\"vertical-align: inherit;\"> Product Details<\/span><\/strong><\/h3>\n<ul>\n<li><span dir=\"auto\" style=\"vertical-align: inherit;\"><strong>Manufacturer:<\/strong> 34, Bonchon Industrial Complex 1-gil, Yeongcheon-si, Gyeongsangbuk-do<\/span><\/li>\n<li><span dir=\"auto\" style=\"vertical-align: inherit;\"><strong>Ship from:<\/strong> 34, Bonchon Industrial Complex 1-gil, Yeongcheon-si, Gyeongsangbuk-do<\/span><\/li>\n<li><span dir=\"auto\" style=\"vertical-align: inherit;\"><strong>Size (mm):<\/strong> 630x53x7x240<\/span><\/li>\n<li><span dir=\"auto\" style=\"vertical-align: inherit;\"><strong>Abrasive Type:<\/strong> DIA &#8211; Natural DIA<\/span><\/li>\n<li><span dir=\"auto\" style=\"vertical-align: inherit;\"><strong>T\u1ed1c \u0111\u1ed9: WET 50~65<\/strong><\/span><\/li>\n<\/ul>\n<h3><strong><span style=\"color: #000080;\"><span dir=\"auto\" style=\"vertical-align: inherit;\">I <\/span><\/span><span dir=\"auto\" style=\"vertical-align: inherit;\">Applicable Materials<\/span><\/strong><\/h3>\n<ul>\n<li><strong>Non-heat treatment<\/strong><\/li>\n<\/ul>\n<table style=\"height: 106px; width: 100%; border-collapse: collapse; border-style: ridge; border-color: #d1d1d1;\" border=\"1\">\n<tbody>\n<tr style=\"height: 21px;\">\n<td style=\"width: 4.71101%; height: 85px; text-align: center;\" rowspan=\"3\"><strong>SPEC<\/strong><\/td>\n<td style=\"width: 15.6858%; height: 21px; text-align: center;\" colspan=\"2\"><strong>Cast iron<\/strong><\/td>\n<td style=\"width: 8.17454%; height: 64px; text-align: center;\" rowspan=\"2\"><strong>General structural steel<\/strong><\/td>\n<td style=\"width: 64.2857%; height: 21px; text-align: center;\" colspan=\"9\"><strong>Non-heat treatment<\/strong><\/td>\n<td style=\"width: 7.14285%; height: 64px; text-align: center;\" rowspan=\"2\"><strong>Centerless grinding<\/strong><\/td>\n<\/tr>\n<tr style=\"height: 43px;\">\n<td style=\"width: 7.80607%; height: 43px; text-align: center;\"><strong>Cast iron<\/strong><\/td>\n<td style=\"width: 7.87977%; height: 43px; text-align: center;\"><strong>Ductile<\/strong><\/td>\n<td style=\"width: 7.14285%; height: 43px; text-align: center;\"><strong>Carbon steel<\/strong><\/td>\n<td style=\"width: 7.14285%; height: 43px; text-align: center;\"><strong>Carbon tool steel<\/strong><\/td>\n<td style=\"width: 7.14285%; height: 43px; text-align: center;\"><strong>Alloy tool steel<\/strong><\/td>\n<td style=\"width: 7.14285%; height: 43px; text-align: center;\"><strong>Chromium molybdenum steel<\/strong><\/td>\n<td style=\"width: 7.14285%; height: 43px; text-align: center;\"><strong>Nickel chromium-molybdenum steel<\/strong><\/td>\n<td style=\"width: 7.14285%; height: 43px; text-align: center;\"><strong>Hot die steel<\/strong><\/td>\n<td style=\"width: 7.14285%; height: 43px; text-align: center;\"><strong>Cold die steel<\/strong><\/td>\n<td style=\"width: 7.14285%; height: 43px; text-align: center;\"><strong>High-speed tool steel<\/strong><\/td>\n<td style=\"width: 7.14285%; height: 43px; text-align: center;\"><strong>Stainless steel<\/strong><\/td>\n<\/tr>\n<tr style=\"height: 21px;\">\n<td style=\"width: 7.80607%; height: 21px; text-align: center;\"><strong>FC250&#8230;<\/strong><\/td>\n<td style=\"width: 7.87977%; height: 21px; text-align: center;\"><strong>FC600&#8230;<\/strong><\/td>\n<td style=\"width: 8.17454%; height: 21px; text-align: center;\"><strong>SS400&#8230;<\/strong><\/td>\n<td style=\"width: 7.14285%; height: 21px; text-align: center;\"><strong>S45C, S50C&#8230;<\/strong><\/td>\n<td style=\"width: 7.14285%; height: 21px; text-align: center;\"><strong>SK4~, SK5~&#8230;<\/strong><\/td>\n<td style=\"width: 7.14285%; height: 21px; text-align: center;\"><strong>SK53&#8230;<\/strong><\/td>\n<td style=\"width: 7.14285%; height: 21px; text-align: center;\"><strong>SCM435 <\/strong><\/td>\n<td style=\"width: 7.14285%; height: 21px; text-align: center;\"><strong>SNCM435 <\/strong><\/td>\n<td style=\"width: 7.14285%; height: 21px; text-align: center;\"><strong>SKD61<\/strong><\/td>\n<td style=\"width: 7.14285%; height: 21px; text-align: center;\"><strong>SKD11, DC53&#8230;<\/strong><\/td>\n<td style=\"width: 7.14285%; height: 21px; text-align: center;\"><strong>SKH51<\/strong><\/td>\n<td style=\"width: 7.14285%; height: 21px; text-align: center;\"><strong>SUS404C, STAVAX, HPM38&#8230;<\/strong><\/td>\n<td style=\"width: 7.14285%; height: 21px; text-align: center;\"><\/td>\n<\/tr>\n<tr style=\"height: 21px;\">\n<td style=\"width: 4.71101%; height: 21px; text-align: center;\">DIA<\/td>\n<td style=\"width: 7.80607%; height: 21px; text-align: center;\"><\/td>\n<td style=\"width: 7.87977%; height: 21px; text-align: center;\"><\/td>\n<td style=\"width: 8.17454%; height: 21px; text-align: center;\"><\/td>\n<td style=\"width: 7.14285%; height: 21px; text-align: center;\"><\/td>\n<td style=\"width: 7.14285%; height: 21px; text-align: center;\"><\/td>\n<td style=\"width: 7.14285%; height: 21px; text-align: center;\"><\/td>\n<td style=\"width: 7.14285%; height: 21px; text-align: center;\"><\/td>\n<td style=\"width: 7.14285%; height: 21px; text-align: center;\"><\/td>\n<td style=\"width: 7.14285%; height: 21px; text-align: center;\"><\/td>\n<td style=\"width: 7.14285%; height: 21px; text-align: center;\"><\/td>\n<td style=\"width: 7.14285%; height: 21px; text-align: center;\"><\/td>\n<td style=\"width: 7.14285%; height: 21px; text-align: center;\"><\/td>\n<td style=\"width: 7.14285%; height: 21px; text-align: center;\">GOOD<\/td>\n<\/tr>\n<\/tbody>\n<\/table>\n<ul>\n<li><strong>Heat treatment<\/strong> HRC 40~52<\/li>\n<\/ul>\n<table style=\"height: 105px; width: 100%; border-collapse: collapse; border-style: ridge; border-color: #d1d1d1;\" border=\"1\">\n<tbody>\n<tr style=\"height: 21px;\">\n<td style=\"width: 7.14285%; height: 84px; text-align: center;\" rowspan=\"4\"><strong>SPEC<\/strong><\/td>\n<td style=\"width: 21.4286%; height: 21px; text-align: center;\" colspan=\"3\"><strong>Nonferrous metals<\/strong><\/td>\n<td style=\"width: 64.2857%; height: 21px; text-align: center;\" colspan=\"9\"><strong>Heat treatment<\/strong><\/td>\n<td style=\"width: 7.14285%; text-align: center; height: 21px;\"><\/td>\n<\/tr>\n<tr style=\"height: 21px;\">\n<td style=\"width: 7.14285%; height: 21px; text-align: center;\"><strong>Copper<\/strong><\/td>\n<td style=\"width: 7.14285%; height: 21px; text-align: center;\"><strong>Aluminum<\/strong><\/td>\n<td style=\"width: 7.14285%; text-align: center; height: 21px;\"><strong>Carbide<\/strong><\/td>\n<td style=\"width: 7.14285%; height: 21px; text-align: center;\"><strong>Carbon steel<\/strong><\/td>\n<td style=\"width: 7.14285%; height: 21px; text-align: center;\"><strong>Carbon tool steel<\/strong><\/td>\n<td style=\"width: 7.14285%; height: 21px; text-align: center;\"><strong>High-speed tool steel<\/strong><\/td>\n<td style=\"width: 7.14285%; height: 21px; text-align: center;\"><strong>Stainless steel<\/strong><\/td>\n<td style=\"width: 7.14285%; height: 21px; text-align: center;\"><strong>Alloy tool steel<\/strong><\/td>\n<td style=\"width: 7.14285%; height: 21px; text-align: center;\"><strong>Chromium molybdenum steel<\/strong><\/td>\n<td style=\"width: 7.14285%; height: 21px; text-align: center;\"><strong>Nickel chromium-molybdenum steel<\/strong><\/td>\n<td style=\"width: 7.14285%; height: 21px; text-align: center;\"><strong>Hot die steel<\/strong><\/td>\n<td style=\"width: 7.14285%; height: 21px; text-align: center;\"><strong>Cold die steel<\/strong><\/td>\n<td style=\"width: 7.14285%; text-align: center; height: 21px;\"><strong>Stainless steel<\/strong><\/td>\n<\/tr>\n<tr style=\"height: 21px;\">\n<td style=\"width: 7.14285%; height: 21px; text-align: center;\"><\/td>\n<td style=\"width: 7.14285%; height: 21px; text-align: center;\"><\/td>\n<td style=\"width: 7.14285%; text-align: center; height: 21px;\"><\/td>\n<td style=\"width: 7.14285%; height: 21px; text-align: center;\"><strong>S45C, S50C&#8230;<\/strong><\/td>\n<td style=\"width: 7.14285%; text-align: center; height: 21px;\"><strong>SK4~, SK5~&#8230;<\/strong><\/td>\n<td style=\"width: 7.14285%; height: 21px; text-align: center;\"><strong>SKH51&#8230;<\/strong><\/td>\n<td style=\"width: 7.14285%; text-align: center; height: 21px;\"><strong>SUS404C, STAVAX, HPM38&#8230;<\/strong><\/td>\n<td style=\"width: 7.14285%; height: 21px; text-align: center;\"><strong>SK53&#8230;<\/strong><\/td>\n<td style=\"width: 7.14285%; text-align: center; height: 21px;\"><strong>SCM435 <\/strong><\/td>\n<td style=\"width: 7.14285%; height: 21px; text-align: center;\"><strong>SCM435<\/strong><\/td>\n<td style=\"width: 7.14285%; text-align: center; height: 21px;\"><strong>SKD61 <\/strong><\/td>\n<td style=\"width: 7.14285%; height: 21px; text-align: center;\"><strong>SKD11, DC53&#8230;<\/strong><\/td>\n<td style=\"width: 7.14285%; text-align: center; height: 21px;\"><strong>SUS303, 304&#8230;<\/strong><\/td>\n<\/tr>\n<tr style=\"height: 21px;\">\n<td style=\"width: 7.14285%; height: 21px; text-align: center;\"><\/td>\n<td style=\"width: 7.14285%; height: 21px; text-align: center;\"><\/td>\n<td style=\"width: 7.14285%; text-align: center; height: 21px;\"><\/td>\n<td style=\"width: 7.14285%; height: 21px; text-align: center;\"><strong>HRC 35 ~ 55\u00a0\u00a0<\/strong><\/td>\n<td style=\"width: 7.14285%; text-align: center; height: 21px;\"><strong>HRC 55 ~ 62<\/strong><\/td>\n<td style=\"width: 7.14285%; height: 21px; text-align: center;\"><strong>HRC 61 ~ 64<\/strong><\/td>\n<td style=\"width: 7.14285%; text-align: center; height: 21px;\"><strong>HRC 50~53<\/strong><\/td>\n<td style=\"width: 7.14285%; height: 21px; text-align: center;\"><strong>HRC 55~62<\/strong><\/td>\n<td style=\"width: 7.14285%; text-align: center; height: 21px;\"><strong>HRC 20~45<\/strong><\/td>\n<td style=\"width: 7.14285%; height: 21px; text-align: center;\"><strong>HRC 20~45<\/strong><\/td>\n<td style=\"width: 7.14285%; text-align: center; height: 21px;\"><strong>HRC 48~52<\/strong><\/td>\n<td style=\"width: 7.14285%; height: 21px; text-align: center;\"><strong>HRC 60~64<\/strong><\/td>\n<td style=\"width: 7.14285%; text-align: center; height: 21px;\"><\/td>\n<\/tr>\n<tr style=\"height: 21px;\">\n<td style=\"width: 7.14285%; height: 21px; text-align: center;\">DIA<\/td>\n<td style=\"width: 7.14285%; height: 21px; text-align: center;\">BEST<\/td>\n<td style=\"width: 7.14285%; height: 21px; text-align: center;\"><\/td>\n<td style=\"width: 7.14285%; height: 21px; text-align: center;\"><\/td>\n<td style=\"width: 7.14285%; height: 21px; text-align: center;\"><\/td>\n<td style=\"width: 7.14285%; height: 21px; text-align: center;\">BEST<\/td>\n<td style=\"width: 7.14285%; height: 21px; text-align: center;\">BEST<\/td>\n<td style=\"width: 7.14285%; height: 21px; text-align: center;\">BEST<\/td>\n<td style=\"width: 7.14285%; height: 21px; text-align: center;\"><\/td>\n<td style=\"width: 7.14285%; height: 21px; text-align: center;\"><\/td>\n<td style=\"width: 7.14285%; height: 21px; text-align: center;\"><\/td>\n<td style=\"width: 7.14285%; height: 21px; text-align: center;\">GOOD<\/td>\n<td style=\"width: 7.14285%; height: 21px; text-align: center;\">BEST<\/td>\n<td style=\"width: 7.14285%; height: 21px; text-align: center;\"><\/td>\n<\/tr>\n<\/tbody>\n<\/table>","protected":false},"excerpt":{"rendered":"<p class=\"translation-block\">Diamond and CBN grinding wheels are used to process various materials such as automotive parts, ceramics, hydraulic components, air conditioner parts, seals, as well as ferrous and non-ferrous metals.<\/p>","protected":false},"featured_media":2000,"comment_status":"open","ping_status":"closed","template":"","meta":[],"product_brand":[],"product_cat":[19,43],"product_tag":[],"class_list":{"0":"post-1993","1":"product","2":"type-product","3":"status-publish","4":"has-post-thumbnail","6":"product_cat-cbn-dia","7":"product_cat-da-mai-kim-cuong-hai-mat","9":"first","10":"instock","11":"taxable","12":"shipping-taxable","13":"product-type-simple"},"_links":{"self":[{"href":"https:\/\/samyangab-vn.com\/en\/wp-json\/wp\/v2\/product\/1993","targetHints":{"allow":["GET"]}}],"collection":[{"href":"https:\/\/samyangab-vn.com\/en\/wp-json\/wp\/v2\/product"}],"about":[{"href":"https:\/\/samyangab-vn.com\/en\/wp-json\/wp\/v2\/types\/product"}],"replies":[{"embeddable":true,"href":"https:\/\/samyangab-vn.com\/en\/wp-json\/wp\/v2\/comments?post=1993"}],"wp:featuredmedia":[{"embeddable":true,"href":"https:\/\/samyangab-vn.com\/en\/wp-json\/wp\/v2\/media\/2000"}],"wp:attachment":[{"href":"https:\/\/samyangab-vn.com\/en\/wp-json\/wp\/v2\/media?parent=1993"}],"wp:term":[{"taxonomy":"product_brand","embeddable":true,"href":"https:\/\/samyangab-vn.com\/en\/wp-json\/wp\/v2\/product_brand?post=1993"},{"taxonomy":"product_cat","embeddable":true,"href":"https:\/\/samyangab-vn.com\/en\/wp-json\/wp\/v2\/product_cat?post=1993"},{"taxonomy":"product_tag","embeddable":true,"href":"https:\/\/samyangab-vn.com\/en\/wp-json\/wp\/v2\/product_tag?post=1993"}],"curies":[{"name":"wp","href":"https:\/\/api.w.org\/{rel}","templated":true}]}}