{"id":1983,"date":"2026-02-05T15:31:24","date_gmt":"2026-02-05T08:31:24","guid":{"rendered":"https:\/\/samyangab-vn.com\/?post_type=product&#038;p=1983"},"modified":"2026-02-05T15:40:25","modified_gmt":"2026-02-05T08:40:25","slug":"da-mai-tim-ra46j7v-180x19x31-75","status":"publish","type":"product","link":"https:\/\/samyangab-vn.com\/ja\/product\/da-mai-tim-ra46j7v-180x19x31-75\/","title":{"rendered":"\u0110\u00e1 m\u00e0i t\u00edm RA46J7V 180x19x31.75"},"content":{"rendered":"<h3><strong><span style=\"color: #000080;\"><span dir=\"auto\" style=\"vertical-align: inherit;\">I<\/span><\/span><span dir=\"auto\" style=\"vertical-align: inherit;\"> \u88fd\u54c1\u60c5\u5831<\/span><\/strong><\/h3>\n<p><strong data-start=\"80\" data-end=\"108\">\u0110\u00e1 m\u00e0i cam RA46J7V <\/strong>\u0111\u01b0\u1ee3c s\u1eed d\u1ee5ng trong c\u00e1c c\u00f4ng \u0111o\u1ea1n <strong data-start=\"142\" data-end=\"203\">m\u00e0i b\u1ec1 m\u1eb7t y\u00eau c\u1ea7u \u0111\u1ed9 ch\u00ednh x\u00e1c k\u00edch th\u01b0\u1edbc v\u00e0 \u0111\u1ed9 nh\u00e1m cao<\/strong>, th\u00edch h\u1ee3p cho <strong data-start=\"219\" data-end=\"296\">m\u00e0i b\u1ec1 m\u1eb7t khu\u00f4n v\u00e0 chi ti\u1ebft ch\u01b0a qua nhi\u1ec7t luy\u1ec7n ho\u1eb7c \u0111\u00e3 nhi\u1ec7t luy\u1ec7n nh\u1eb9<\/strong>.<\/p>\n<h3><strong><span style=\"color: #000080;\"><span dir=\"auto\" style=\"vertical-align: inherit;\">I<\/span><\/span><span dir=\"auto\" style=\"vertical-align: inherit;\"> \u8ffd\u52a0\u60c5\u5831<\/span><\/strong><\/h3>\n<p class=\"translation-block\"><span dir=\"auto\" style=\"vertical-align: inherit\">\u25b2 \u81ea\u793e\u958b\u767a\u306e\u30d3\u30c8\u30ea\u30d5\u30a1\u30a4\u30c9\u7d50\u5408\u5264\u306b\u3088\u308a\u3001\u512a\u308c\u305f\u7814\u524a\u30fb\u5207\u65ad\u6027\u80fd\u3068\u4f4e\u7814\u524a\u8ca0\u8377\u3092\u5b9f\u73fe.<\/span><br>\n<span dir=\"auto\" style=\"vertical-align: inherit\">\u25b2 \u7825\u77f3\u306e\u6469\u8017\u304c\u5c11\u306a\u304f\u3001\u9ad8\u3044\u52a0\u5de5\u7cbe\u5ea6\u3092\u78ba\u4fdd.<\/span><br>\n<span dir=\"auto\" style=\"vertical-align: inherit\">\u25b2 \u52a0\u5de5\u6750\u6599\u306b\u5fdc\u3058\u305f\u7825\u7c92\u7a2e\u985e\u304a\u3088\u3073\u7c92\u5ea6\u306e\u6700\u9069\u9078\u5b9a\u304c\u53ef\u80fd.<\/span><br>\n<span dir=\"auto\" style=\"vertical-align: inherit\">\u25b2 \u304a\u5ba2\u69d8\u306e\u3054\u8981\u671b\u306b\u5fdc\u3058\u305f\u591a\u69d8\u306a\u30b5\u30a4\u30ba\u306e\u7814\u524a\u7825\u77f3\u3092\u88fd\u4f5c\u53ef\u80fd.<\/span><\/p>\n<h3><strong><span style=\"color: #000080;\"><span dir=\"auto\" style=\"vertical-align: inherit;\">I<\/span><\/span><span dir=\"auto\" style=\"vertical-align: inherit;\"> \u88fd\u54c1\u8a73\u7d30<\/span><\/strong><\/h3>\n<ul>\n<li><span dir=\"auto\" style=\"vertical-align: inherit;\"><strong>\u88fd\u9020\u5143:<\/strong> \u97d3\u56fd \u6176\u5c1a\u5317\u9053 \u6c38\u5ddd\u5e02 Bonchongongdan-1\u30ae\u30eb 34<\/span><\/li>\n<li><span dir=\"auto\" style=\"vertical-align: inherit;\"><strong>\u767a\u9001\u5143:<\/strong> \u97d3\u56fd \u6176\u5c1a\u5317\u9053 \u6c38\u5ddd\u5e02 Bonchongongdan-1\u30ae\u30eb 34<\/span><\/li>\n<li><span dir=\"auto\" style=\"vertical-align: inherit;\"><strong>\u30b5\u30a4\u30ba (mm):<\/strong>\u00a0180x19x31.75<\/span><\/li>\n<li><span dir=\"auto\" style=\"vertical-align: inherit;\"><strong>\u7825\u7c92\u7a2e\u985e\uff1a<\/strong> RA &#8211; Rubi Aluminum oxide t\u00edm<\/span><\/li>\n<li><span dir=\"auto\" style=\"vertical-align: inherit;\"><strong>\u5468\u901f\u5ea6:<\/strong> 33m\/s<\/span><\/li>\n<\/ul>\n<h3><strong><span style=\"color: #000080;\"><span dir=\"auto\" style=\"vertical-align: inherit;\">I <\/span><\/span><span dir=\"auto\" style=\"vertical-align: inherit;\">\u9069\u7528\u6750\u6599<\/span><\/strong><\/h3>\n<ul>\n<li><strong>\u672a\u71b1\u51e6\u7406<\/strong><\/li>\n<\/ul>\n<table style=\"height: 106px; width: 100%; border-collapse: collapse; border-style: ridge; border-color: #d1d1d1;\" border=\"1\">\n<tbody>\n<tr style=\"height: 21px;\">\n<td style=\"width: 4.71101%; height: 85px; text-align: center;\" rowspan=\"3\"><strong>\u4ed5\u69d8<\/strong><\/td>\n<td style=\"width: 15.6858%; height: 21px; text-align: center;\" colspan=\"2\"><strong>\u92f3\u9244<\/strong><\/td>\n<td style=\"width: 8.17454%; height: 64px; text-align: center;\" rowspan=\"2\"><strong>\u4e00\u822c\u69cb\u9020\u7528\u92fc<\/strong><\/td>\n<td style=\"width: 64.2857%; height: 21px; text-align: center;\" colspan=\"9\"><strong>\u975e\u71b1\u51e6\u7406<\/strong><\/td>\n<td style=\"width: 7.14285%; height: 64px; text-align: center;\" rowspan=\"2\"><strong>\u30bb\u30f3\u30bf\u30ec\u30b9\u7814\u524a<\/strong><\/td>\n<\/tr>\n<tr style=\"height: 43px;\">\n<td style=\"width: 7.80607%; height: 43px; text-align: center;\"><strong>\u92f3\u9244<\/strong><\/td>\n<td style=\"width: 7.87977%; height: 43px; text-align: center;\"><strong>\u30c0\u30af\u30bf\u30a4\u30eb\u92f3\u9244<\/strong><\/td>\n<td style=\"width: 7.14285%; height: 43px; text-align: center;\"><strong>\u70ad\u7d20\u92fc<\/strong><\/td>\n<td style=\"width: 7.14285%; height: 43px; text-align: center;\"><strong>\u70ad\u7d20\u5de5\u5177\u92fc<\/strong><\/td>\n<td style=\"width: 7.14285%; height: 43px; text-align: center;\"><strong>\u5408\u91d1\u5de5\u5177\u92fc<\/strong><\/td>\n<td style=\"width: 7.14285%; height: 43px; text-align: center;\"><strong>\u30af\u30ed\u30e0\u30e2\u30ea\u30d6\u30c7\u30f3\u92fc<\/strong><\/td>\n<td style=\"width: 7.14285%; height: 43px; text-align: center;\"><strong>\u30cb\u30c3\u30b1\u30eb\u30af\u30ed\u30e0\u30e2\u30ea\u30d6\u30c7\u30f3\u92fc<\/strong><\/td>\n<td style=\"width: 7.14285%; height: 43px; text-align: center;\"><strong>\u71b1\u9593\u30c0\u30a4\u30b9\u92fc<\/strong><\/td>\n<td style=\"width: 7.14285%; height: 43px; text-align: center;\"><strong>\u51b7\u9593\u30c0\u30a4\u30b9\u92fc<\/strong><\/td>\n<td style=\"width: 7.14285%; height: 43px; text-align: center;\"><strong>\u9ad8\u901f\u5ea6\u5de5\u5177\u92fc<\/strong><\/td>\n<td style=\"width: 7.14285%; height: 43px; text-align: center;\"><strong>\u30b9\u30c6\u30f3\u30ec\u30b9\u92fc<\/strong><\/td>\n<\/tr>\n<tr style=\"height: 21px;\">\n<td style=\"width: 7.80607%; height: 21px; text-align: center;\"><strong>FC250&#8230;<\/strong><\/td>\n<td style=\"width: 7.87977%; height: 21px; text-align: center;\"><strong>FC600&#8230;<\/strong><\/td>\n<td style=\"width: 8.17454%; height: 21px; text-align: center;\"><strong>SS400&#8230;<\/strong><\/td>\n<td style=\"width: 7.14285%; height: 21px; text-align: center;\"><strong>S45C, S50C&#8230;<\/strong><\/td>\n<td style=\"width: 7.14285%; height: 21px; text-align: center;\"><strong>SK4~, SK5~&#8230;<\/strong><\/td>\n<td style=\"width: 7.14285%; height: 21px; text-align: center;\"><strong>SK53&#8230;<\/strong><\/td>\n<td style=\"width: 7.14285%; height: 21px; text-align: center;\"><strong>SCM435 <\/strong><\/td>\n<td style=\"width: 7.14285%; height: 21px; text-align: center;\"><strong>SNCM435 <\/strong><\/td>\n<td style=\"width: 7.14285%; height: 21px; text-align: center;\"><strong>SKD61<\/strong><\/td>\n<td style=\"width: 7.14285%; height: 21px; text-align: center;\"><strong>SKD11, DC53&#8230;<\/strong><\/td>\n<td style=\"width: 7.14285%; height: 21px; text-align: center;\"><strong>SKH51<\/strong><\/td>\n<td style=\"width: 7.14285%; height: 21px; text-align: center;\"><strong>SUS404C, STAVAX, HPM38&#8230;<\/strong><\/td>\n<td style=\"width: 7.14285%; height: 21px; text-align: center;\"><\/td>\n<\/tr>\n<tr style=\"height: 21px;\">\n<td style=\"width: 4.71101%; height: 21px; text-align: center;\">RA<\/td>\n<td style=\"width: 7.80607%; height: 21px; text-align: center;\"><\/td>\n<td style=\"width: 7.87977%; height: 21px; text-align: center;\"><\/td>\n<td style=\"width: 8.17454%; height: 21px; text-align: center;\"><\/td>\n<td style=\"width: 7.14285%; height: 21px; text-align: center;\"><\/td>\n<td style=\"width: 7.14285%; height: 21px; text-align: center;\"><\/td>\n<td style=\"width: 7.14285%; height: 21px; text-align: center;\">BEST<\/td>\n<td style=\"width: 7.14285%; height: 21px; text-align: center;\"><\/td>\n<td style=\"width: 7.14285%; height: 21px; text-align: center;\"><\/td>\n<td style=\"width: 7.14285%; height: 21px; text-align: center;\">BEST<\/td>\n<td style=\"width: 7.14285%; height: 21px; text-align: center;\">BEST<\/td>\n<td style=\"width: 7.14285%; height: 21px; text-align: center;\"><\/td>\n<td style=\"width: 7.14285%; height: 21px; text-align: center;\">GOOD<\/td>\n<td style=\"width: 7.14285%; height: 21px; text-align: center;\"><\/td>\n<\/tr>\n<\/tbody>\n<\/table>\n<ul>\n<li><strong>\u71b1\u51e6\u7406\u6e08\u307f<\/strong> HRC 40~52<\/li>\n<\/ul>\n<table style=\"height: 105px; width: 100%; border-collapse: collapse; border-style: ridge; border-color: #d1d1d1;\" border=\"1\">\n<tbody>\n<tr style=\"height: 21px;\">\n<td style=\"width: 7.14285%; height: 84px; text-align: center;\" rowspan=\"4\"><strong>\u4ed5\u69d8<\/strong><\/td>\n<td style=\"width: 7.14285%; height: 21px; text-align: center;\" colspan=\"3\"><strong>\u975e\u9244\u91d1\u5c5e<\/strong><\/td>\n<td style=\"width: 64.2857%; height: 21px; text-align: center;\" colspan=\"9\"><strong>\u71b1\u51e6\u7406\u5f8c<\/strong><\/td>\n<td style=\"width: 7.14285%; text-align: center; height: 21px;\"><\/td>\n<\/tr>\n<tr style=\"height: 21px;\">\n<td style=\"width: 7.14285%; height: 21px; text-align: center;\"><strong>\u9285<\/strong><\/td>\n<td style=\"width: 7.14285%; height: 21px; text-align: center;\"><strong>\u30a2\u30eb\u30df\u30cb\u30a6\u30e0<\/strong><\/td>\n<td style=\"width: 7.14285%; text-align: center; height: 21px;\"><strong>\u8d85\u786c\u5408\u91d1<\/strong><\/td>\n<td style=\"width: 7.14285%; height: 21px; text-align: center;\"><strong>\u70ad\u7d20\u92fc<\/strong><\/td>\n<td style=\"width: 7.14285%; height: 21px; text-align: center;\"><strong>\u70ad\u7d20\u5de5\u5177\u92fc<\/strong><\/td>\n<td style=\"width: 7.14285%; height: 21px; text-align: center;\"><strong>\u9ad8\u901f\u5ea6\u5de5\u5177\u92fc<\/strong><\/td>\n<td style=\"width: 7.14285%; height: 21px; text-align: center;\"><strong>\u30b9\u30c6\u30f3\u30ec\u30b9\u92fc<\/strong><\/td>\n<td style=\"width: 7.14285%; height: 21px; text-align: center;\"><strong>\u5408\u91d1\u5de5\u5177\u92fc<\/strong><\/td>\n<td style=\"width: 7.14285%; height: 21px; text-align: center;\"><strong>\u30af\u30ed\u30e0\u30e2\u30ea\u30d6\u30c7\u30f3\u92fc<\/strong><\/td>\n<td style=\"width: 7.14285%; height: 21px; text-align: center;\"><strong>\u30cb\u30c3\u30b1\u30eb\u30af\u30ed\u30e0\u30e2\u30ea\u30d6\u30c7\u30f3\u92fc<\/strong><\/td>\n<td style=\"width: 7.14285%; height: 21px; text-align: center;\"><strong>\u71b1\u9593\u30c0\u30a4\u30b9\u92fc<\/strong><\/td>\n<td style=\"width: 7.14285%; height: 21px; text-align: center;\"><strong>\u51b7\u9593\u30c0\u30a4\u30b9\u92fc<\/strong><\/td>\n<td style=\"width: 7.14285%; text-align: center; height: 21px;\"><strong>\u30b9\u30c6\u30f3\u30ec\u30b9\u92fc<\/strong><\/td>\n<\/tr>\n<tr style=\"height: 21px;\">\n<td style=\"width: 7.14285%; height: 21px; text-align: center;\"><\/td>\n<td style=\"width: 7.14285%; height: 21px; text-align: center;\"><\/td>\n<td style=\"width: 7.14285%; text-align: center; height: 21px;\"><\/td>\n<td style=\"width: 7.14285%; height: 21px; text-align: center;\"><strong>S45C, S50C&#8230;<\/strong><\/td>\n<td style=\"width: 7.14285%; text-align: center; height: 21px;\"><strong>SK4~, SK5~&#8230;<\/strong><\/td>\n<td style=\"width: 7.14285%; height: 21px; text-align: center;\"><strong>SKH51&#8230;<\/strong><\/td>\n<td style=\"width: 7.14285%; text-align: center; height: 21px;\"><strong>SUS404C, STAVAX, HPM38&#8230;<\/strong><\/td>\n<td style=\"width: 7.14285%; height: 21px; text-align: center;\"><strong>SK53&#8230;<\/strong><\/td>\n<td style=\"width: 7.14285%; text-align: center; height: 21px;\"><strong>SCM435 <\/strong><\/td>\n<td style=\"width: 7.14285%; height: 21px; text-align: center;\"><strong>SCM435<\/strong><\/td>\n<td style=\"width: 7.14285%; text-align: center; height: 21px;\"><strong>SKD61 <\/strong><\/td>\n<td style=\"width: 7.14285%; height: 21px; text-align: center;\"><strong>SKD11, DC53&#8230;<\/strong><\/td>\n<td style=\"width: 7.14285%; text-align: center; height: 21px;\"><strong>SUS303, 304&#8230;<\/strong><\/td>\n<\/tr>\n<tr style=\"height: 21px;\">\n<td style=\"width: 7.14285%; height: 21px; text-align: center;\"><\/td>\n<td style=\"width: 7.14285%; height: 21px; text-align: center;\"><\/td>\n<td style=\"width: 7.14285%; text-align: center; height: 21px;\"><\/td>\n<td style=\"width: 7.14285%; height: 21px; text-align: center;\"><strong>HRC 35 ~ 55\u00a0\u00a0<\/strong><\/td>\n<td style=\"width: 7.14285%; text-align: center; height: 21px;\"><strong>HRC 55 ~ 62<\/strong><\/td>\n<td style=\"width: 7.14285%; height: 21px; text-align: center;\"><strong>HRC 61 ~ 64<\/strong><\/td>\n<td style=\"width: 7.14285%; text-align: center; height: 21px;\"><strong>HRC 50~53<\/strong><\/td>\n<td style=\"width: 7.14285%; height: 21px; text-align: center;\"><strong>HRC 55~62<\/strong><\/td>\n<td style=\"width: 7.14285%; text-align: center; height: 21px;\"><strong>HRC 20~45<\/strong><\/td>\n<td style=\"width: 7.14285%; height: 21px; text-align: center;\"><strong>HRC 20~45<\/strong><\/td>\n<td style=\"width: 7.14285%; text-align: center; height: 21px;\"><strong>HRC 48~52<\/strong><\/td>\n<td style=\"width: 7.14285%; height: 21px; text-align: center;\"><strong>HRC 60~64<\/strong><\/td>\n<td style=\"width: 7.14285%; text-align: center; height: 21px;\"><\/td>\n<\/tr>\n<tr style=\"height: 21px;\">\n<td style=\"width: 7.14285%; height: 21px; text-align: center;\">RA<\/td>\n<td style=\"width: 7.14285%; height: 21px;\"><\/td>\n<td style=\"width: 7.14285%; height: 21px;\"><\/td>\n<td style=\"width: 7.14285%; height: 21px;\"><\/td>\n<td style=\"width: 7.14285%; height: 21px; text-align: center;\">GOOD<\/td>\n<td style=\"width: 7.14285%; height: 21px; text-align: center;\">GOOD<\/td>\n<td style=\"width: 7.14285%; height: 21px; text-align: center;\">GOOD<\/td>\n<td style=\"width: 7.14285%; height: 21px; text-align: center;\">GOOD<\/td>\n<td style=\"width: 7.14285%; height: 21px; text-align: center;\">GOOD<\/td>\n<td style=\"width: 7.14285%; height: 21px; text-align: center;\">GOOD<\/td>\n<td style=\"width: 7.14285%; height: 21px; text-align: center;\">GOOD<\/td>\n<td style=\"width: 7.14285%; height: 21px; text-align: center;\">GOOD<\/td>\n<td style=\"width: 7.14285%; height: 21px; text-align: center;\">GOOD<\/td>\n<td style=\"width: 7.14285%; height: 21px; text-align: center;\"><\/td>\n<\/tr>\n<\/tbody>\n<\/table>","protected":false},"excerpt":{"rendered":"<p><strong data-start=\"80\" data-end=\"108\">\u0110\u00e1 m\u00e0i cam RA46J7V <\/strong>\u0111\u01b0\u1ee3c s\u1eed d\u1ee5ng trong c\u00e1c c\u00f4ng \u0111o\u1ea1n <strong data-start=\"142\" data-end=\"203\">m\u00e0i b\u1ec1 m\u1eb7t y\u00eau c\u1ea7u \u0111\u1ed9 ch\u00ednh x\u00e1c k\u00edch th\u01b0\u1edbc v\u00e0 \u0111\u1ed9 nh\u00e1m cao<\/strong>, th\u00edch h\u1ee3p cho <strong data-start=\"219\" data-end=\"296\">m\u00e0i b\u1ec1 m\u1eb7t khu\u00f4n v\u00e0 chi ti\u1ebft ch\u01b0a qua nhi\u1ec7t luy\u1ec7n ho\u1eb7c \u0111\u00e3 nhi\u1ec7t luy\u1ec7n nh\u1eb9<\/strong>.<\/p>","protected":false},"featured_media":1989,"comment_status":"open","ping_status":"closed","template":"","meta":[],"product_brand":[],"product_cat":[31,18],"product_tag":[],"class_list":{"0":"post-1983","1":"product","2":"type-product","3":"status-publish","4":"has-post-thumbnail","6":"product_cat-da-mai-phang","7":"product_cat-vitrifield-wheels","9":"first","10":"instock","11":"taxable","12":"shipping-taxable","13":"product-type-simple"},"_links":{"self":[{"href":"https:\/\/samyangab-vn.com\/ja\/wp-json\/wp\/v2\/product\/1983","targetHints":{"allow":["GET"]}}],"collection":[{"href":"https:\/\/samyangab-vn.com\/ja\/wp-json\/wp\/v2\/product"}],"about":[{"href":"https:\/\/samyangab-vn.com\/ja\/wp-json\/wp\/v2\/types\/product"}],"replies":[{"embeddable":true,"href":"https:\/\/samyangab-vn.com\/ja\/wp-json\/wp\/v2\/comments?post=1983"}],"wp:featuredmedia":[{"embeddable":true,"href":"https:\/\/samyangab-vn.com\/ja\/wp-json\/wp\/v2\/media\/1989"}],"wp:attachment":[{"href":"https:\/\/samyangab-vn.com\/ja\/wp-json\/wp\/v2\/media?parent=1983"}],"wp:term":[{"taxonomy":"product_brand","embeddable":true,"href":"https:\/\/samyangab-vn.com\/ja\/wp-json\/wp\/v2\/product_brand?post=1983"},{"taxonomy":"product_cat","embeddable":true,"href":"https:\/\/samyangab-vn.com\/ja\/wp-json\/wp\/v2\/product_cat?post=1983"},{"taxonomy":"product_tag","embeddable":true,"href":"https:\/\/samyangab-vn.com\/ja\/wp-json\/wp\/v2\/product_tag?post=1983"}],"curies":[{"name":"wp","href":"https:\/\/api.w.org\/{rel}","templated":true}]}}