{"id":1993,"date":"2026-03-09T10:30:15","date_gmt":"2026-03-09T03:30:15","guid":{"rendered":"https:\/\/samyangab-vn.com\/?post_type=product&#038;p=1993"},"modified":"2026-03-12T15:18:56","modified_gmt":"2026-03-12T08:18:56","slug":"da-mai-kim-cuong-doi-630x53x7x240","status":"publish","type":"product","link":"https:\/\/samyangab-vn.com\/ja\/product\/da-mai-kim-cuong-doi-630x53x7x240\/","title":{"rendered":"\u0110\u00e1 m\u00e0i kim c\u01b0\u01a1ng \u0111\u00f4i 630x53x7x240"},"content":{"rendered":"<h3><strong><span style=\"color: #000080;\"><span dir=\"auto\" style=\"vertical-align: inherit;\">I<\/span><\/span><span dir=\"auto\" style=\"vertical-align: inherit;\"> \u88fd\u54c1\u60c5\u5831<\/span><\/strong><\/h3>\n<p><b>\u0110\u00e1 m\u00e0i Diamond v\u00e0 CBN <\/b>c\u00f3 th\u1ec3 \u1ee9ng d\u1ee5ng gia c\u00f4ng tr\u00ean nhi\u1ec1u lo\u1ea1i v\u1eadt li\u1ec7u kh\u00e1c nhau. Ti\u00eau bi\u1ec3u nh\u01b0 <strong data-start=\"195\" data-end=\"296\">linh ki\u1ec7n \u00f4 t\u00f4, linh ki\u1ec7n g\u1ed1m, linh ki\u1ec7n th\u1ee7y l\u1ef1c, linh ki\u1ec7n m\u00e1y \u0111i\u1ec1u h\u00f2a v\u00e0 c\u00e1c lo\u1ea1i ph\u1edbt (seal)<\/strong>. Ngo\u00e0i ra, s\u1ea3n ph\u1ea9m c\u00f2n \u0111\u01b0\u1ee3c s\u1eed d\u1ee5ng r\u1ed9ng r\u00e3i \u0111\u1ec3 gia c\u00f4ng c\u00e1c lo\u1ea1i kim lo\u1ea1i nh\u01b0 kim lo\u1ea1i \u0111en v\u00e0 kim lo\u1ea1i m\u00e0u.<\/p>\n<h3><strong><span style=\"color: #000080;\"><span dir=\"auto\" style=\"vertical-align: inherit;\">I<\/span><\/span><span dir=\"auto\" style=\"vertical-align: inherit;\"> \u8ffd\u52a0\u60c5\u5831<\/span><\/strong><\/h3>\n<p><span dir=\"auto\" style=\"vertical-align: inherit;\">\u901a\u5e38\u306e\u7814\u524a\u65b9\u6cd5\u3068\u6bd4\u3079\u3066\u3001\u30c0\u30a4\u30e4\u30e2\u30f3\u30c9\u7825\u77f3\u306f\u5927\u91cf\u306e\u6750\u6599\u3092\u540c\u6642\u306b\u52a0\u5de5\u3059\u308b\u3053\u3068\u304c\u3067\u304d\u308b\u305f\u3081\u3001\u5404\u90e8\u54c1\u306e\u5b9f\u969b\u306e\u52a0\u5de5\u6642\u9593\u3092\u77ed\u7e2e\u3067\u304d\u307e\u3059\u3002<\/span><br \/>\n<span dir=\"auto\" style=\"vertical-align: inherit;\">\u4e21\u9762\u7814\u78e8\u306e\u7279\u6027\u306b\u3088\u308a\u3001\u88fd\u54c1\u306e\u54c1\u8cea\u3068\u7cbe\u5ea6\u304c\u975e\u5e38\u306b\u9ad8\u304f\u306a\u308a\u307e\u3059\u3002<\/span><br \/>\n<span dir=\"auto\" style=\"vertical-align: inherit;\">\u77ed\u6642\u9593\u3067\u591a\u304f\u306e\u90e8\u54c1\u3092\u52a0\u5de5\u3067\u304d\u308b\u305f\u3081\u3001\u751f\u7523\u6027\u304c\u9ad8\u3044\u3067\u3059\u3002<\/span><br \/>\n<span dir=\"auto\" style=\"vertical-align: inherit;\">\u521d\u671f\u6295\u8cc7\u30b3\u30b9\u30c8\u306f\u9ad8\u3044\u3082\u306e\u306e\u3001\u52a0\u5de5\u6642\u9593\u306e\u77ed\u7e2e\u3068\u9ad8\u3044\u751f\u7523\u6027\u306b\u3088\u308a\u3001\u5de5\u51771\u500b\u3042\u305f\u308a\u306e\u5b9f\u969b\u306e\u30b3\u30b9\u30c8\u306f\u4f4e\u304f\u306a\u308a\u307e\u3059\u3002<\/span><span dir=\"auto\" style=\"vertical-align: inherit;\"><strong><br \/>\n<\/strong>\u901a\u5e38\u306e\u7814\u524a\u3068\u6bd4\u3079\u3066\u7c89\u5875\u306e\u767a\u751f\u304c\u975e\u5e38\u306b\u5c11\u306a\u304f\u3001\u4f5c\u696d\u74b0\u5883\u3092\u6e05\u6f54\u306b\u4fdd\u3061\u3001\u5ec3\u68c4\u7269\u51e6\u7406\u30b3\u30b9\u30c8\u3092\u5927\u5e45\u306b\u524a\u6e1b\u3067\u304d\u307e\u3059\u3002<br \/>\n\u4f5c\u696d\u74b0\u5883\u304c\u30af\u30ea\u30fc\u30f3\u3067\u3042\u308b\u305f\u3081\u3001\u74b0\u5883\u7ba1\u7406\u3084\u51e6\u7406\u8a2d\u5099\u3078\u306e\u8ffd\u52a0\u6295\u8cc7\u304c\u4e0d\u8981\u3067\u3059\u3002<\/span><\/p>\n<h3><strong><span style=\"color: #000080;\"><span dir=\"auto\" style=\"vertical-align: inherit;\">I<\/span><\/span><span dir=\"auto\" style=\"vertical-align: inherit;\"> \u88fd\u54c1\u8a73\u7d30<\/span><\/strong><\/h3>\n<ul>\n<li><span dir=\"auto\" style=\"vertical-align: inherit;\"><strong>\u88fd\u9020\u5143:<\/strong> \u97d3\u56fd \u6176\u5c1a\u5317\u9053 \u6c38\u5ddd\u5e02 Bonchongongdan-1\u30ae\u30eb 34<\/span><\/li>\n<li><span dir=\"auto\" style=\"vertical-align: inherit;\"><strong>\u767a\u9001\u5143:<\/strong> \u97d3\u56fd \u6176\u5c1a\u5317\u9053 \u6c38\u5ddd\u5e02 Bonchongongdan-1\u30ae\u30eb 34<\/span><\/li>\n<li><span dir=\"auto\" style=\"vertical-align: inherit;\"><strong>\u30b5\u30a4\u30ba (mm):<\/strong> 630x53x7x240<\/span><\/li>\n<li><span dir=\"auto\" style=\"vertical-align: inherit;\"><strong>\u7825\u7c92\u7a2e\u985e\uff1a<\/strong> DIA &#8211; Natural DIA<\/span><\/li>\n<li><span dir=\"auto\" style=\"vertical-align: inherit;\"><strong>T\u1ed1c \u0111\u1ed9: WET 50~65<\/strong><\/span><\/li>\n<\/ul>\n<h3><strong><span style=\"color: #000080;\"><span dir=\"auto\" style=\"vertical-align: inherit;\">I <\/span><\/span><span dir=\"auto\" style=\"vertical-align: inherit;\">\u9069\u7528\u6750\u6599<\/span><\/strong><\/h3>\n<ul>\n<li><strong>\u672a\u71b1\u51e6\u7406<\/strong><\/li>\n<\/ul>\n<table style=\"height: 106px; width: 100%; border-collapse: collapse; border-style: ridge; border-color: #d1d1d1;\" border=\"1\">\n<tbody>\n<tr style=\"height: 21px;\">\n<td style=\"width: 4.71101%; height: 85px; text-align: center;\" rowspan=\"3\"><strong>\u4ed5\u69d8<\/strong><\/td>\n<td style=\"width: 15.6858%; height: 21px; text-align: center;\" colspan=\"2\"><strong>\u92f3\u9244<\/strong><\/td>\n<td style=\"width: 8.17454%; height: 64px; text-align: center;\" rowspan=\"2\"><strong>\u4e00\u822c\u69cb\u9020\u7528\u92fc<\/strong><\/td>\n<td style=\"width: 64.2857%; height: 21px; text-align: center;\" colspan=\"9\"><strong>\u975e\u71b1\u51e6\u7406<\/strong><\/td>\n<td style=\"width: 7.14285%; height: 64px; text-align: center;\" rowspan=\"2\"><strong>\u30bb\u30f3\u30bf\u30ec\u30b9\u7814\u524a<\/strong><\/td>\n<\/tr>\n<tr style=\"height: 43px;\">\n<td style=\"width: 7.80607%; height: 43px; text-align: center;\"><strong>\u92f3\u9244<\/strong><\/td>\n<td style=\"width: 7.87977%; height: 43px; text-align: center;\"><strong>\u30c0\u30af\u30bf\u30a4\u30eb\u92f3\u9244<\/strong><\/td>\n<td style=\"width: 7.14285%; height: 43px; text-align: center;\"><strong>\u70ad\u7d20\u92fc<\/strong><\/td>\n<td style=\"width: 7.14285%; height: 43px; text-align: center;\"><strong>\u70ad\u7d20\u5de5\u5177\u92fc<\/strong><\/td>\n<td style=\"width: 7.14285%; height: 43px; text-align: center;\"><strong>\u5408\u91d1\u5de5\u5177\u92fc<\/strong><\/td>\n<td style=\"width: 7.14285%; height: 43px; text-align: center;\"><strong>\u30af\u30ed\u30e0\u30e2\u30ea\u30d6\u30c7\u30f3\u92fc<\/strong><\/td>\n<td style=\"width: 7.14285%; height: 43px; text-align: center;\"><strong>\u30cb\u30c3\u30b1\u30eb\u30af\u30ed\u30e0\u30e2\u30ea\u30d6\u30c7\u30f3\u92fc<\/strong><\/td>\n<td style=\"width: 7.14285%; height: 43px; text-align: center;\"><strong>\u71b1\u9593\u30c0\u30a4\u30b9\u92fc<\/strong><\/td>\n<td style=\"width: 7.14285%; height: 43px; text-align: center;\"><strong>\u51b7\u9593\u30c0\u30a4\u30b9\u92fc<\/strong><\/td>\n<td style=\"width: 7.14285%; height: 43px; text-align: center;\"><strong>\u9ad8\u901f\u5ea6\u5de5\u5177\u92fc<\/strong><\/td>\n<td style=\"width: 7.14285%; height: 43px; text-align: center;\"><strong>\u30b9\u30c6\u30f3\u30ec\u30b9\u92fc<\/strong><\/td>\n<\/tr>\n<tr style=\"height: 21px;\">\n<td style=\"width: 7.80607%; height: 21px; text-align: center;\"><strong>FC250&#8230;<\/strong><\/td>\n<td style=\"width: 7.87977%; height: 21px; text-align: center;\"><strong>FC600&#8230;<\/strong><\/td>\n<td style=\"width: 8.17454%; height: 21px; text-align: center;\"><strong>SS400&#8230;<\/strong><\/td>\n<td style=\"width: 7.14285%; height: 21px; text-align: center;\"><strong>S45C, S50C&#8230;<\/strong><\/td>\n<td style=\"width: 7.14285%; height: 21px; text-align: center;\"><strong>SK4~, SK5~&#8230;<\/strong><\/td>\n<td style=\"width: 7.14285%; height: 21px; text-align: center;\"><strong>SK53&#8230;<\/strong><\/td>\n<td style=\"width: 7.14285%; height: 21px; text-align: center;\"><strong>SCM435 <\/strong><\/td>\n<td style=\"width: 7.14285%; height: 21px; text-align: center;\"><strong>SNCM435 <\/strong><\/td>\n<td style=\"width: 7.14285%; height: 21px; text-align: center;\"><strong>SKD61<\/strong><\/td>\n<td style=\"width: 7.14285%; height: 21px; text-align: center;\"><strong>SKD11, DC53&#8230;<\/strong><\/td>\n<td style=\"width: 7.14285%; height: 21px; text-align: center;\"><strong>SKH51<\/strong><\/td>\n<td style=\"width: 7.14285%; height: 21px; text-align: center;\"><strong>SUS404C, STAVAX, HPM38&#8230;<\/strong><\/td>\n<td style=\"width: 7.14285%; height: 21px; text-align: center;\"><\/td>\n<\/tr>\n<tr style=\"height: 21px;\">\n<td style=\"width: 4.71101%; height: 21px; text-align: center;\">DIA<\/td>\n<td style=\"width: 7.80607%; height: 21px; text-align: center;\"><\/td>\n<td style=\"width: 7.87977%; height: 21px; text-align: center;\"><\/td>\n<td style=\"width: 8.17454%; height: 21px; text-align: center;\"><\/td>\n<td style=\"width: 7.14285%; height: 21px; text-align: center;\"><\/td>\n<td style=\"width: 7.14285%; height: 21px; text-align: center;\"><\/td>\n<td style=\"width: 7.14285%; height: 21px; text-align: center;\"><\/td>\n<td style=\"width: 7.14285%; height: 21px; text-align: center;\"><\/td>\n<td style=\"width: 7.14285%; height: 21px; text-align: center;\"><\/td>\n<td style=\"width: 7.14285%; height: 21px; text-align: center;\"><\/td>\n<td style=\"width: 7.14285%; height: 21px; text-align: center;\"><\/td>\n<td style=\"width: 7.14285%; height: 21px; text-align: center;\"><\/td>\n<td style=\"width: 7.14285%; height: 21px; text-align: center;\"><\/td>\n<td style=\"width: 7.14285%; height: 21px; text-align: center;\">GOOD<\/td>\n<\/tr>\n<\/tbody>\n<\/table>\n<ul>\n<li><strong>\u71b1\u51e6\u7406\u6e08\u307f<\/strong> HRC 40~52<\/li>\n<\/ul>\n<table style=\"height: 105px; width: 100%; border-collapse: collapse; border-style: ridge; border-color: #d1d1d1;\" border=\"1\">\n<tbody>\n<tr style=\"height: 21px;\">\n<td style=\"width: 7.14285%; height: 84px; text-align: center;\" rowspan=\"4\"><strong>\u4ed5\u69d8<\/strong><\/td>\n<td style=\"width: 21.4286%; height: 21px; text-align: center;\" colspan=\"3\"><strong>\u975e\u9244\u91d1\u5c5e<\/strong><\/td>\n<td style=\"width: 64.2857%; height: 21px; text-align: center;\" colspan=\"9\"><strong>\u71b1\u51e6\u7406\u5f8c<\/strong><\/td>\n<td style=\"width: 7.14285%; text-align: center; height: 21px;\"><\/td>\n<\/tr>\n<tr style=\"height: 21px;\">\n<td style=\"width: 7.14285%; height: 21px; text-align: center;\"><strong>\u9285<\/strong><\/td>\n<td style=\"width: 7.14285%; height: 21px; text-align: center;\"><strong>\u30a2\u30eb\u30df\u30cb\u30a6\u30e0<\/strong><\/td>\n<td style=\"width: 7.14285%; text-align: center; height: 21px;\"><strong>\u8d85\u786c\u5408\u91d1<\/strong><\/td>\n<td style=\"width: 7.14285%; height: 21px; text-align: center;\"><strong>\u70ad\u7d20\u92fc<\/strong><\/td>\n<td style=\"width: 7.14285%; height: 21px; text-align: center;\"><strong>\u70ad\u7d20\u5de5\u5177\u92fc<\/strong><\/td>\n<td style=\"width: 7.14285%; height: 21px; text-align: center;\"><strong>\u9ad8\u901f\u5ea6\u5de5\u5177\u92fc<\/strong><\/td>\n<td style=\"width: 7.14285%; height: 21px; text-align: center;\"><strong>\u30b9\u30c6\u30f3\u30ec\u30b9\u92fc<\/strong><\/td>\n<td style=\"width: 7.14285%; height: 21px; text-align: center;\"><strong>\u5408\u91d1\u5de5\u5177\u92fc<\/strong><\/td>\n<td style=\"width: 7.14285%; height: 21px; text-align: center;\"><strong>\u30af\u30ed\u30e0\u30e2\u30ea\u30d6\u30c7\u30f3\u92fc<\/strong><\/td>\n<td style=\"width: 7.14285%; height: 21px; text-align: center;\"><strong>\u30cb\u30c3\u30b1\u30eb\u30af\u30ed\u30e0\u30e2\u30ea\u30d6\u30c7\u30f3\u92fc<\/strong><\/td>\n<td style=\"width: 7.14285%; height: 21px; text-align: center;\"><strong>\u71b1\u9593\u30c0\u30a4\u30b9\u92fc<\/strong><\/td>\n<td style=\"width: 7.14285%; height: 21px; text-align: center;\"><strong>\u51b7\u9593\u30c0\u30a4\u30b9\u92fc<\/strong><\/td>\n<td style=\"width: 7.14285%; text-align: center; height: 21px;\"><strong>\u30b9\u30c6\u30f3\u30ec\u30b9\u92fc<\/strong><\/td>\n<\/tr>\n<tr style=\"height: 21px;\">\n<td style=\"width: 7.14285%; height: 21px; text-align: center;\"><\/td>\n<td style=\"width: 7.14285%; height: 21px; text-align: center;\"><\/td>\n<td style=\"width: 7.14285%; text-align: center; height: 21px;\"><\/td>\n<td style=\"width: 7.14285%; height: 21px; text-align: center;\"><strong>S45C, S50C&#8230;<\/strong><\/td>\n<td style=\"width: 7.14285%; text-align: center; height: 21px;\"><strong>SK4~, SK5~&#8230;<\/strong><\/td>\n<td style=\"width: 7.14285%; height: 21px; text-align: center;\"><strong>SKH51&#8230;<\/strong><\/td>\n<td style=\"width: 7.14285%; text-align: center; height: 21px;\"><strong>SUS404C, STAVAX, HPM38&#8230;<\/strong><\/td>\n<td style=\"width: 7.14285%; height: 21px; text-align: center;\"><strong>SK53&#8230;<\/strong><\/td>\n<td style=\"width: 7.14285%; text-align: center; height: 21px;\"><strong>SCM435 <\/strong><\/td>\n<td style=\"width: 7.14285%; height: 21px; text-align: center;\"><strong>SCM435<\/strong><\/td>\n<td style=\"width: 7.14285%; text-align: center; height: 21px;\"><strong>SKD61 <\/strong><\/td>\n<td style=\"width: 7.14285%; height: 21px; text-align: center;\"><strong>SKD11, DC53&#8230;<\/strong><\/td>\n<td style=\"width: 7.14285%; text-align: center; height: 21px;\"><strong>SUS303, 304&#8230;<\/strong><\/td>\n<\/tr>\n<tr style=\"height: 21px;\">\n<td style=\"width: 7.14285%; height: 21px; text-align: center;\"><\/td>\n<td style=\"width: 7.14285%; height: 21px; text-align: center;\"><\/td>\n<td style=\"width: 7.14285%; text-align: center; height: 21px;\"><\/td>\n<td style=\"width: 7.14285%; height: 21px; text-align: center;\"><strong>HRC 35 ~ 55\u00a0\u00a0<\/strong><\/td>\n<td style=\"width: 7.14285%; text-align: center; height: 21px;\"><strong>HRC 55 ~ 62<\/strong><\/td>\n<td style=\"width: 7.14285%; height: 21px; text-align: center;\"><strong>HRC 61 ~ 64<\/strong><\/td>\n<td style=\"width: 7.14285%; text-align: center; height: 21px;\"><strong>HRC 50~53<\/strong><\/td>\n<td style=\"width: 7.14285%; height: 21px; text-align: center;\"><strong>HRC 55~62<\/strong><\/td>\n<td style=\"width: 7.14285%; text-align: center; height: 21px;\"><strong>HRC 20~45<\/strong><\/td>\n<td style=\"width: 7.14285%; height: 21px; text-align: center;\"><strong>HRC 20~45<\/strong><\/td>\n<td style=\"width: 7.14285%; text-align: center; height: 21px;\"><strong>HRC 48~52<\/strong><\/td>\n<td style=\"width: 7.14285%; height: 21px; text-align: center;\"><strong>HRC 60~64<\/strong><\/td>\n<td style=\"width: 7.14285%; text-align: center; height: 21px;\"><\/td>\n<\/tr>\n<tr style=\"height: 21px;\">\n<td style=\"width: 7.14285%; height: 21px; text-align: center;\">DIA<\/td>\n<td style=\"width: 7.14285%; height: 21px; text-align: center;\">BEST<\/td>\n<td style=\"width: 7.14285%; height: 21px; text-align: center;\"><\/td>\n<td style=\"width: 7.14285%; height: 21px; text-align: center;\"><\/td>\n<td style=\"width: 7.14285%; height: 21px; text-align: center;\"><\/td>\n<td style=\"width: 7.14285%; height: 21px; text-align: center;\">BEST<\/td>\n<td style=\"width: 7.14285%; height: 21px; text-align: center;\">BEST<\/td>\n<td style=\"width: 7.14285%; height: 21px; text-align: center;\">BEST<\/td>\n<td style=\"width: 7.14285%; height: 21px; text-align: center;\"><\/td>\n<td style=\"width: 7.14285%; height: 21px; text-align: center;\"><\/td>\n<td style=\"width: 7.14285%; height: 21px; text-align: center;\"><\/td>\n<td style=\"width: 7.14285%; height: 21px; text-align: center;\">GOOD<\/td>\n<td style=\"width: 7.14285%; height: 21px; text-align: center;\">BEST<\/td>\n<td style=\"width: 7.14285%; height: 21px; text-align: center;\"><\/td>\n<\/tr>\n<\/tbody>\n<\/table>","protected":false},"excerpt":{"rendered":"<p class=\"translation-block\">\u30c0\u30a4\u30e4\u30e2\u30f3\u30c9\u304a\u3088\u3073CBN\u7825\u77f3\u306f\u3001\u81ea\u52d5\u8eca\u90e8\u54c1\u3001\u30bb\u30e9\u30df\u30c3\u30af\u3001\u6cb9\u5727\u90e8\u54c1\u3001\u30a8\u30a2\u30b3\u30f3\u90e8\u54c1\u3001\u30b7\u30fc\u30eb\u90e8\u54c1\u3001\u3055\u3089\u306b\u9244\u91d1\u5c5e\u304a\u3088\u3073\u975e\u9244\u91d1\u5c5e\u306a\u3069\u3001\u3055\u307e\u3056\u307e\u306a\u6750\u6599\u306e\u52a0\u5de5\u306b\u4f7f\u7528\u3055\u308c\u307e\u3059\u3002<\/p>","protected":false},"featured_media":2000,"comment_status":"open","ping_status":"closed","template":"","meta":[],"product_brand":[],"product_cat":[19,43],"product_tag":[],"class_list":{"0":"post-1993","1":"product","2":"type-product","3":"status-publish","4":"has-post-thumbnail","6":"product_cat-cbn-dia","7":"product_cat-da-mai-kim-cuong-hai-mat","9":"first","10":"instock","11":"taxable","12":"shipping-taxable","13":"product-type-simple"},"_links":{"self":[{"href":"https:\/\/samyangab-vn.com\/ja\/wp-json\/wp\/v2\/product\/1993","targetHints":{"allow":["GET"]}}],"collection":[{"href":"https:\/\/samyangab-vn.com\/ja\/wp-json\/wp\/v2\/product"}],"about":[{"href":"https:\/\/samyangab-vn.com\/ja\/wp-json\/wp\/v2\/types\/product"}],"replies":[{"embeddable":true,"href":"https:\/\/samyangab-vn.com\/ja\/wp-json\/wp\/v2\/comments?post=1993"}],"wp:featuredmedia":[{"embeddable":true,"href":"https:\/\/samyangab-vn.com\/ja\/wp-json\/wp\/v2\/media\/2000"}],"wp:attachment":[{"href":"https:\/\/samyangab-vn.com\/ja\/wp-json\/wp\/v2\/media?parent=1993"}],"wp:term":[{"taxonomy":"product_brand","embeddable":true,"href":"https:\/\/samyangab-vn.com\/ja\/wp-json\/wp\/v2\/product_brand?post=1993"},{"taxonomy":"product_cat","embeddable":true,"href":"https:\/\/samyangab-vn.com\/ja\/wp-json\/wp\/v2\/product_cat?post=1993"},{"taxonomy":"product_tag","embeddable":true,"href":"https:\/\/samyangab-vn.com\/ja\/wp-json\/wp\/v2\/product_tag?post=1993"}],"curies":[{"name":"wp","href":"https:\/\/api.w.org\/{rel}","templated":true}]}}