{"id":1993,"date":"2026-03-09T10:30:15","date_gmt":"2026-03-09T03:30:15","guid":{"rendered":"https:\/\/samyangab-vn.com\/?post_type=product&#038;p=1993"},"modified":"2026-03-12T15:18:56","modified_gmt":"2026-03-12T08:18:56","slug":"da-mai-kim-cuong-doi-630x53x7x240","status":"publish","type":"product","link":"https:\/\/samyangab-vn.com\/ko\/product\/da-mai-kim-cuong-doi-630x53x7x240\/","title":{"rendered":"\u0110\u00e1 m\u00e0i kim c\u01b0\u01a1ng \u0111\u00f4i 630x53x7x240"},"content":{"rendered":"<h3><strong><span style=\"color: #000080;\"><span dir=\"auto\" style=\"vertical-align: inherit;\">I<\/span><\/span><span dir=\"auto\" style=\"vertical-align: inherit;\"> \uc81c\ud488 \uc815\ubcf4<\/span><\/strong><\/h3>\n<p><b>\u0110\u00e1 m\u00e0i Diamond v\u00e0 CBN <\/b>c\u00f3 th\u1ec3 \u1ee9ng d\u1ee5ng gia c\u00f4ng tr\u00ean nhi\u1ec1u lo\u1ea1i v\u1eadt li\u1ec7u kh\u00e1c nhau. Ti\u00eau bi\u1ec3u nh\u01b0 <strong data-start=\"195\" data-end=\"296\">linh ki\u1ec7n \u00f4 t\u00f4, linh ki\u1ec7n g\u1ed1m, linh ki\u1ec7n th\u1ee7y l\u1ef1c, linh ki\u1ec7n m\u00e1y \u0111i\u1ec1u h\u00f2a v\u00e0 c\u00e1c lo\u1ea1i ph\u1edbt (seal)<\/strong>. Ngo\u00e0i ra, s\u1ea3n ph\u1ea9m c\u00f2n \u0111\u01b0\u1ee3c s\u1eed d\u1ee5ng r\u1ed9ng r\u00e3i \u0111\u1ec3 gia c\u00f4ng c\u00e1c lo\u1ea1i kim lo\u1ea1i nh\u01b0 kim lo\u1ea1i \u0111en v\u00e0 kim lo\u1ea1i m\u00e0u.<\/p>\n<h3><strong><span style=\"color: #000080;\"><span dir=\"auto\" style=\"vertical-align: inherit;\">I<\/span><\/span><span dir=\"auto\" style=\"vertical-align: inherit;\"> \ucd94\uac00 \uc815\ubcf4<\/span><\/strong><\/h3>\n<p><span dir=\"auto\" style=\"vertical-align: inherit;\">\uc77c\ubc18 \uc5f0\uc0ad\uc5d0 \ube44\ud574 \ub3d9\uc2dc\uc5d0 \ub2e4\ub7c9\uc758 \ud53c\uc0ad\uc7ac\ub97c \uac00\uacf5\ud558\ubbc0\ub85c \uc2e4\uc81c \uac1c\ubcc4 \uc791\uc5c5 \uc2dc\uac04\uc774 \uc9e7\uc2b5\ub2c8\ub2e4.<\/span><br \/>\n<span dir=\"auto\" style=\"vertical-align: inherit;\">\uc591\uba74 \uc5f0\ub9c8\uc758 \ud2b9\uc131\uc0c1 \uc81c\ud488\uc758 \ud488\uc9c8, \uc815\ubc00\ub3c4\uac00 \uc6b0\uc218\ud569\ub2c8\ub2e4.<\/span><br \/>\n<span dir=\"auto\" style=\"vertical-align: inherit;\">\uc9e7\uc740 \uc2dc\uac04\uc5d0 \ub9ce\uc740 \uc591\uc758 \ud53c\uc0ad\uc7ac\uc758 \uac00\uacf5\uc774 \uac00\ub2a5\ud558\ubbc0\ub85c \uc0dd\uc0b0\uc131 \ub192\uc2b5\ub2c8\ub2e4.<\/span><br \/>\n<span dir=\"auto\" style=\"vertical-align: inherit;\">\ube44\ud2b8\ub9ac \uc815\ubc18\uc740 \ucd08\uae30 \ud22c\uc790\ube44\uc6a9\uc774 \ub192\uc9c0\ub9cc \uc9e7\uc740 \uc791\uc5c5\uc2dc\uac04\uacfc \ub192\uc740 \uc0dd\uc0b0\uc131 \ub54c\ubb38\uc5d0 \uc2e4\uc81c \uac1c\ubcc4 \uacf5\uad6c\ube44\uc6a9\uc774 \uc800\ub834\ud569\ub2c8\ub2e4.<\/span><span dir=\"auto\" style=\"vertical-align: inherit;\"><strong><br \/>\n<\/strong>\uc77c\ubc18 \uc5f0\uc0ad\uc5d0 \ube44\ud574 \ube44\uc0b0\uba3c\uc9c0\uac00 \uadf9\ud788 \uc801\uc5b4 \uc791\uc5c5 \ud658\uacbd\uc774 \uccad\uacb0\ud558\uace0 \ud3d0\uae30\ubb3c \ucc98\ub9ac \ube44\uc6a9\uc774 \ud06c\uac8c \uc808\uac10\uc774 \ub429\ub2c8\ub2e4.<br \/>\n\uc791\uc5c5\ud658\uacbd\uc774 \uccad\uacb0\ud558\uae30 \ub54c\ubb38\uc5d0 \ucd94\uac00\uc801\uc778 \ud658\uacbd\uad00\ub9ac \uc124\ube44\ud22c\uc790\uac00 \ud544\uc694\ud558\uc9c0 \uc54a\uc2b5\ub2c8\ub2e4.<\/span><\/p>\n<h3><strong><span style=\"color: #000080;\"><span dir=\"auto\" style=\"vertical-align: inherit;\">I<\/span><\/span><span dir=\"auto\" style=\"vertical-align: inherit;\"> \uc81c\ud488 \uc0c1\uc138<\/span><\/strong><\/h3>\n<ul>\n<li><span dir=\"auto\" style=\"vertical-align: inherit;\"><strong>\uc81c\uc870\uc0ac:<\/strong> \uacbd\ubd81 \uc601\ucc9c\uc2dc \ubcf8\ucd0c\uacf5\ub2e8 1\uae38 34<\/span><\/li>\n<li><span dir=\"auto\" style=\"vertical-align: inherit;\"><strong>\ubc30\uc1a1\uc9c0:<\/strong> \uacbd\ubd81 \uc601\ucc9c\uc2dc \ubcf8\ucd0c\uacf5\ub2e8 1\uae38 34<\/span><\/li>\n<li><span dir=\"auto\" style=\"vertical-align: inherit;\"><strong>\uc0ac\uc774\uc988 (mm):<\/strong> 630x53x7x240<\/span><\/li>\n<li><span dir=\"auto\" style=\"vertical-align: inherit;\"><strong>\uc9c0\ub9bd\uc758 \uc885\ub958:<\/strong> DIA &#8211; Natural DIA<\/span><\/li>\n<li><span dir=\"auto\" style=\"vertical-align: inherit;\"><strong>T\u1ed1c \u0111\u1ed9: WET 50~65<\/strong><\/span><\/li>\n<\/ul>\n<h3><strong><span style=\"color: #000080;\"><span dir=\"auto\" style=\"vertical-align: inherit;\">I <\/span><\/span><span dir=\"auto\" style=\"vertical-align: inherit;\">\uc801\uc6a9 \uc18c\uc7ac<\/span><\/strong><\/h3>\n<ul>\n<li><strong>\ube44\uc5f4\ucc98\ub9ac<\/strong><\/li>\n<\/ul>\n<table style=\"height: 106px; width: 100%; border-collapse: collapse; border-style: ridge; border-color: #d1d1d1;\" border=\"1\">\n<tbody>\n<tr style=\"height: 21px;\">\n<td style=\"width: 4.71101%; height: 85px; text-align: center;\" rowspan=\"3\"><strong>\uc2a4\ud329<\/strong><\/td>\n<td style=\"width: 15.6858%; height: 21px; text-align: center;\" colspan=\"2\"><strong>\uc8fc\ucca0<\/strong><\/td>\n<td style=\"width: 8.17454%; height: 64px; text-align: center;\" rowspan=\"2\"><strong>\uc77c\ubc18 \uad6c\uc870\uc6a9\uac15<\/strong><\/td>\n<td style=\"width: 64.2857%; height: 21px; text-align: center;\" colspan=\"9\"><strong>\ube44\uc5f4\ucc98\ub9ac<\/strong><\/td>\n<td style=\"width: 7.14285%; height: 64px; text-align: center;\" rowspan=\"2\"><strong>\uc13c\ud0c0\ub808\uc2a4 \uc5f0\ub9c8<\/strong><\/td>\n<\/tr>\n<tr style=\"height: 43px;\">\n<td style=\"width: 7.80607%; height: 43px; text-align: center;\"><strong>\uc8fc\ucca0<\/strong><\/td>\n<td style=\"width: 7.87977%; height: 43px; text-align: center;\"><strong>\ub355\ud0c0\uc77c<\/strong><\/td>\n<td style=\"width: 7.14285%; height: 43px; text-align: center;\"><strong>\ud0c4\uc18c\uac15<\/strong><\/td>\n<td style=\"width: 7.14285%; height: 43px; text-align: center;\"><strong>\ud0c4\uc18c\uacf5\uad6c\uac15<\/strong><\/td>\n<td style=\"width: 7.14285%; height: 43px; text-align: center;\"><strong>\ud569\uae08 \uacf5\uad6c\uac15<\/strong><\/td>\n<td style=\"width: 7.14285%; height: 43px; text-align: center;\"><strong>\ud06c\ub86c \ubab0\ub9ac\ube0c\ub374\uac15<\/strong><\/td>\n<td style=\"width: 7.14285%; height: 43px; text-align: center;\"><strong>\ub2c8\ucf08\ud06c\ub86c \ubab0\ub9ac\ube0c\ub374\uac15<\/strong><\/td>\n<td style=\"width: 7.14285%; height: 43px; text-align: center;\"><strong>\uc5f4\uac04 \ub2e4\uc774\uc2a4\uac15<\/strong><\/td>\n<td style=\"width: 7.14285%; height: 43px; text-align: center;\"><strong>\ub0c9\uac04 \ub2e4\uc774\uc2a4\uac15<\/strong><\/td>\n<td style=\"width: 7.14285%; height: 43px; text-align: center;\"><strong>\uace0\uc18d\ub3c4 \uacf5\uad6c\uac15<\/strong><\/td>\n<td style=\"width: 7.14285%; height: 43px; text-align: center;\"><strong>\uc2a4\ud14c\uc778\ub9ac\uc2a4\uac15<\/strong><\/td>\n<\/tr>\n<tr style=\"height: 21px;\">\n<td style=\"width: 7.80607%; height: 21px; text-align: center;\"><strong>FC250&#8230;<\/strong><\/td>\n<td style=\"width: 7.87977%; height: 21px; text-align: center;\"><strong>FC600&#8230;<\/strong><\/td>\n<td style=\"width: 8.17454%; height: 21px; text-align: center;\"><strong>SS400&#8230;<\/strong><\/td>\n<td style=\"width: 7.14285%; height: 21px; text-align: center;\"><strong>S45C, S50C&#8230;<\/strong><\/td>\n<td style=\"width: 7.14285%; height: 21px; text-align: center;\"><strong>SK4~, SK5~&#8230;<\/strong><\/td>\n<td style=\"width: 7.14285%; height: 21px; text-align: center;\"><strong>SK53&#8230;<\/strong><\/td>\n<td style=\"width: 7.14285%; height: 21px; text-align: center;\"><strong>SCM435 <\/strong><\/td>\n<td style=\"width: 7.14285%; height: 21px; text-align: center;\"><strong>SNCM435 <\/strong><\/td>\n<td style=\"width: 7.14285%; height: 21px; text-align: center;\"><strong>SKD61<\/strong><\/td>\n<td style=\"width: 7.14285%; height: 21px; text-align: center;\"><strong>SKD11, DC53&#8230;<\/strong><\/td>\n<td style=\"width: 7.14285%; height: 21px; text-align: center;\"><strong>SKH51<\/strong><\/td>\n<td style=\"width: 7.14285%; height: 21px; text-align: center;\"><strong>SUS404C, STAVAX, HPM38&#8230;<\/strong><\/td>\n<td style=\"width: 7.14285%; height: 21px; text-align: center;\"><\/td>\n<\/tr>\n<tr style=\"height: 21px;\">\n<td style=\"width: 4.71101%; height: 21px; text-align: center;\">DIA<\/td>\n<td style=\"width: 7.80607%; height: 21px; text-align: center;\"><\/td>\n<td style=\"width: 7.87977%; height: 21px; text-align: center;\"><\/td>\n<td style=\"width: 8.17454%; height: 21px; text-align: center;\"><\/td>\n<td style=\"width: 7.14285%; height: 21px; text-align: center;\"><\/td>\n<td style=\"width: 7.14285%; height: 21px; text-align: center;\"><\/td>\n<td style=\"width: 7.14285%; height: 21px; text-align: center;\"><\/td>\n<td style=\"width: 7.14285%; height: 21px; text-align: center;\"><\/td>\n<td style=\"width: 7.14285%; height: 21px; text-align: center;\"><\/td>\n<td style=\"width: 7.14285%; height: 21px; text-align: center;\"><\/td>\n<td style=\"width: 7.14285%; height: 21px; text-align: center;\"><\/td>\n<td style=\"width: 7.14285%; height: 21px; text-align: center;\"><\/td>\n<td style=\"width: 7.14285%; height: 21px; text-align: center;\"><\/td>\n<td style=\"width: 7.14285%; height: 21px; text-align: center;\">GOOD<\/td>\n<\/tr>\n<\/tbody>\n<\/table>\n<ul>\n<li><strong>\uc5f4\ucc98\ub9ac<\/strong> HRC 40~52<\/li>\n<\/ul>\n<table style=\"height: 105px; width: 100%; border-collapse: collapse; border-style: ridge; border-color: #d1d1d1;\" border=\"1\">\n<tbody>\n<tr style=\"height: 21px;\">\n<td style=\"width: 7.14285%; height: 84px; text-align: center;\" rowspan=\"4\"><strong>\uc2a4\ud329<\/strong><\/td>\n<td style=\"width: 21.4286%; height: 21px; text-align: center;\" colspan=\"3\"><strong>\ube44\ucca0\uae08\uc18d<\/strong><\/td>\n<td style=\"width: 64.2857%; height: 21px; text-align: center;\" colspan=\"9\"><strong>\uc5f4\ucc98\ub9ac<\/strong><\/td>\n<td style=\"width: 7.14285%; text-align: center; height: 21px;\"><\/td>\n<\/tr>\n<tr style=\"height: 21px;\">\n<td style=\"width: 7.14285%; height: 21px; text-align: center;\"><strong>\ub3d9<\/strong><\/td>\n<td style=\"width: 7.14285%; height: 21px; text-align: center;\"><strong>\uc54c\ub8e8\ubbf8\ub284<\/strong><\/td>\n<td style=\"width: 7.14285%; text-align: center; height: 21px;\"><strong>\ucd08\uacbd<\/strong><\/td>\n<td style=\"width: 7.14285%; height: 21px; text-align: center;\"><strong>\ud0c4\uc18c\uac15<\/strong><\/td>\n<td style=\"width: 7.14285%; height: 21px; text-align: center;\"><strong>\ud0c4\uc18c\uacf5\uad6c\uac15<\/strong><\/td>\n<td style=\"width: 7.14285%; height: 21px; text-align: center;\"><strong>\uace0\uc18d\ub3c4 \uacf5\uad6c\uac15<\/strong><\/td>\n<td style=\"width: 7.14285%; height: 21px; text-align: center;\"><strong>\uc2a4\ud14c\uc778\ub9ac\uc2a4\uac15<\/strong><\/td>\n<td style=\"width: 7.14285%; height: 21px; text-align: center;\"><strong>\ud569\uae08 \uacf5\uad6c\uac15<\/strong><\/td>\n<td style=\"width: 7.14285%; height: 21px; text-align: center;\"><strong>\ud06c\ub86c \ubab0\ub9ac\ube0c\ub374\uac15<\/strong><\/td>\n<td style=\"width: 7.14285%; height: 21px; text-align: center;\"><strong>\ub2c8\ucf08\ud06c\ub86c \ubab0\ub9ac\ube0c\ub374\uac15<\/strong><\/td>\n<td style=\"width: 7.14285%; height: 21px; text-align: center;\"><strong>\uc5f4\uac04 \ub2e4\uc774\uc2a4\uac15<\/strong><\/td>\n<td style=\"width: 7.14285%; height: 21px; text-align: center;\"><strong>\ub0c9\uac04 \ub2e4\uc774\uc2a4\uac15<\/strong><\/td>\n<td style=\"width: 7.14285%; text-align: center; height: 21px;\"><strong>\uc2a4\ud14c\uc778\ub9ac\uc2a4\uac15<\/strong><\/td>\n<\/tr>\n<tr style=\"height: 21px;\">\n<td style=\"width: 7.14285%; height: 21px; text-align: center;\"><\/td>\n<td style=\"width: 7.14285%; height: 21px; text-align: center;\"><\/td>\n<td style=\"width: 7.14285%; text-align: center; height: 21px;\"><\/td>\n<td style=\"width: 7.14285%; height: 21px; text-align: center;\"><strong>S45C, S50C&#8230;<\/strong><\/td>\n<td style=\"width: 7.14285%; text-align: center; height: 21px;\"><strong>SK4~, SK5~&#8230;<\/strong><\/td>\n<td style=\"width: 7.14285%; height: 21px; text-align: center;\"><strong>SKH51&#8230;<\/strong><\/td>\n<td style=\"width: 7.14285%; text-align: center; height: 21px;\"><strong>SUS404C, STAVAX, HPM38&#8230;<\/strong><\/td>\n<td style=\"width: 7.14285%; height: 21px; text-align: center;\"><strong>SK53&#8230;<\/strong><\/td>\n<td style=\"width: 7.14285%; text-align: center; height: 21px;\"><strong>SCM435 <\/strong><\/td>\n<td style=\"width: 7.14285%; height: 21px; text-align: center;\"><strong>SCM435<\/strong><\/td>\n<td style=\"width: 7.14285%; text-align: center; height: 21px;\"><strong>SKD61 <\/strong><\/td>\n<td style=\"width: 7.14285%; height: 21px; text-align: center;\"><strong>SKD11, DC53&#8230;<\/strong><\/td>\n<td style=\"width: 7.14285%; text-align: center; height: 21px;\"><strong>SUS303, 304&#8230;<\/strong><\/td>\n<\/tr>\n<tr style=\"height: 21px;\">\n<td style=\"width: 7.14285%; height: 21px; text-align: center;\"><\/td>\n<td style=\"width: 7.14285%; height: 21px; text-align: center;\"><\/td>\n<td style=\"width: 7.14285%; text-align: center; height: 21px;\"><\/td>\n<td style=\"width: 7.14285%; height: 21px; text-align: center;\"><strong>HRC 35 ~ 55\u00a0\u00a0<\/strong><\/td>\n<td style=\"width: 7.14285%; text-align: center; height: 21px;\"><strong>HRC 55 ~ 62<\/strong><\/td>\n<td style=\"width: 7.14285%; height: 21px; text-align: center;\"><strong>HRC 61 ~ 64<\/strong><\/td>\n<td style=\"width: 7.14285%; text-align: center; height: 21px;\"><strong>HRC 50~53<\/strong><\/td>\n<td style=\"width: 7.14285%; height: 21px; text-align: center;\"><strong>HRC 55~62<\/strong><\/td>\n<td style=\"width: 7.14285%; text-align: center; height: 21px;\"><strong>HRC 20~45<\/strong><\/td>\n<td style=\"width: 7.14285%; height: 21px; text-align: center;\"><strong>HRC 20~45<\/strong><\/td>\n<td style=\"width: 7.14285%; text-align: center; height: 21px;\"><strong>HRC 48~52<\/strong><\/td>\n<td style=\"width: 7.14285%; height: 21px; text-align: center;\"><strong>HRC 60~64<\/strong><\/td>\n<td style=\"width: 7.14285%; text-align: center; height: 21px;\"><\/td>\n<\/tr>\n<tr style=\"height: 21px;\">\n<td style=\"width: 7.14285%; height: 21px; text-align: center;\">DIA<\/td>\n<td style=\"width: 7.14285%; height: 21px; text-align: center;\">BEST<\/td>\n<td style=\"width: 7.14285%; height: 21px; text-align: center;\"><\/td>\n<td style=\"width: 7.14285%; height: 21px; text-align: center;\"><\/td>\n<td style=\"width: 7.14285%; height: 21px; text-align: center;\"><\/td>\n<td style=\"width: 7.14285%; height: 21px; text-align: center;\">BEST<\/td>\n<td style=\"width: 7.14285%; height: 21px; text-align: center;\">BEST<\/td>\n<td style=\"width: 7.14285%; height: 21px; text-align: center;\">BEST<\/td>\n<td style=\"width: 7.14285%; height: 21px; text-align: center;\"><\/td>\n<td style=\"width: 7.14285%; height: 21px; text-align: center;\"><\/td>\n<td style=\"width: 7.14285%; height: 21px; text-align: center;\"><\/td>\n<td style=\"width: 7.14285%; height: 21px; text-align: center;\">GOOD<\/td>\n<td style=\"width: 7.14285%; height: 21px; text-align: center;\">BEST<\/td>\n<td style=\"width: 7.14285%; height: 21px; text-align: center;\"><\/td>\n<\/tr>\n<\/tbody>\n<\/table>","protected":false},"excerpt":{"rendered":"<p class=\"translation-block\">\ub2e4\uc774\uc544\ubaac\ub4dc \ubc0f CBN \uc5f0\ub9c8\uc11d\uc740 \uc790\ub3d9\ucc28 \ubd80\ud488, \uc138\ub77c\ubbf9, \uc720\uc555 \ubd80\ud488, \uc5d0\uc5b4\ucee8 \ubd80\ud488, \uc530\ubfd0\ub9cc \uc544\ub2c8\ub77c \ucca0\uae08\uc18d \ubc0f \ube44\ucca0\uae08\uc18d \ub4f1 \ub2e4\uc591\ud55c \uc18c\uc7ac\uc758 \uac00\uacf5\uc5d0 \uc0ac\uc6a9\ub429\ub2c8\ub2e4.<\/p>","protected":false},"featured_media":2000,"comment_status":"open","ping_status":"closed","template":"","meta":[],"product_brand":[],"product_cat":[19,43],"product_tag":[],"class_list":{"0":"post-1993","1":"product","2":"type-product","3":"status-publish","4":"has-post-thumbnail","6":"product_cat-cbn-dia","7":"product_cat-da-mai-kim-cuong-hai-mat","9":"first","10":"instock","11":"taxable","12":"shipping-taxable","13":"product-type-simple"},"_links":{"self":[{"href":"https:\/\/samyangab-vn.com\/ko\/wp-json\/wp\/v2\/product\/1993","targetHints":{"allow":["GET"]}}],"collection":[{"href":"https:\/\/samyangab-vn.com\/ko\/wp-json\/wp\/v2\/product"}],"about":[{"href":"https:\/\/samyangab-vn.com\/ko\/wp-json\/wp\/v2\/types\/product"}],"replies":[{"embeddable":true,"href":"https:\/\/samyangab-vn.com\/ko\/wp-json\/wp\/v2\/comments?post=1993"}],"wp:featuredmedia":[{"embeddable":true,"href":"https:\/\/samyangab-vn.com\/ko\/wp-json\/wp\/v2\/media\/2000"}],"wp:attachment":[{"href":"https:\/\/samyangab-vn.com\/ko\/wp-json\/wp\/v2\/media?parent=1993"}],"wp:term":[{"taxonomy":"product_brand","embeddable":true,"href":"https:\/\/samyangab-vn.com\/ko\/wp-json\/wp\/v2\/product_brand?post=1993"},{"taxonomy":"product_cat","embeddable":true,"href":"https:\/\/samyangab-vn.com\/ko\/wp-json\/wp\/v2\/product_cat?post=1993"},{"taxonomy":"product_tag","embeddable":true,"href":"https:\/\/samyangab-vn.com\/ko\/wp-json\/wp\/v2\/product_tag?post=1993"}],"curies":[{"name":"wp","href":"https:\/\/api.w.org\/{rel}","templated":true}]}}