{"id":137,"date":"2025-06-23T16:42:43","date_gmt":"2025-06-23T09:42:43","guid":{"rendered":"http:\/\/localhost:8080\/samyangab-vn.com\/?post_type=product&#038;p=137"},"modified":"2025-11-19T13:50:12","modified_gmt":"2025-11-19T06:50:12","slug":"da-mai-offset-mau-do-wa-100415-88","status":"publish","type":"product","link":"https:\/\/samyangab-vn.com\/zh\/product\/da-mai-offset-mau-do-wa-100415-88\/","title":{"rendered":"\u0110\u00e1 m\u00e0i Offset 4-inch WA100*4*15.88 (mm)"},"content":{"rendered":"<h3><strong><span style=\"color: #000080;\"><span dir=\"auto\" style=\"vertical-align: inherit;\"><span dir=\"auto\" style=\"vertical-align: inherit;\">I<\/span><\/span><\/span><span dir=\"auto\" style=\"vertical-align: inherit;\"><span dir=\"auto\" style=\"vertical-align: inherit;\"> \u4ea7\u54c1\u4fe1\u606f<\/span><\/span><\/strong><\/h3>\n<p><span dir=\"auto\" style=\"vertical-align: inherit;\"><span dir=\"auto\" style=\"vertical-align: inherit;\">\u0110\u00e1 m\u00e0i Offset l\u00e0 m\u1ed9t lo\u1ea1i \u0111\u00e1 m\u00e0i \u0111\u01b0\u1ee3c ch\u1ebf t\u1ea1o b\u1eb1ng c\u00e1ch s\u1eed d\u1ee5ng nh\u1ef1a t\u1ed5ng h\u1ee3p l\u00e0m ch\u1ea5t li\u1ec7u k\u1ebft c\u1ea5u v\u00e0 \u0111\u1eb7t s\u1ee3i th\u1ee7y tinh l\u00e0m v\u1eadt li\u1ec7u gia c\u1ed1 \u1edf l\u1edbp gi\u1eefa \u0111\u00e1 m\u00e0i. Lo\u1ea1i \u0111a n\u0103ng n\u00e0y \u0111\u01b0\u1ee3c l\u1eafp tr\u00ean m\u00e1y m\u00e0i c\u1ea7m tay \u0111\u1ec3 lo\u1ea1i b\u1ecf c\u00e1c ph\u1ea7n nh\u00f4 ra c\u1ee7a lo\u1ea1i v\u1eadt li\u1ec7u kim ho\u1eb7c phi kim v\u00e0 m\u00e0i c\u00e1c b\u1ec1 m\u1eb7t th\u00f4 th\u00f4.<\/span><\/span><\/p>\n<h3><strong><span style=\"color: #000080;\"><span dir=\"auto\" style=\"vertical-align: inherit;\"><span dir=\"auto\" style=\"vertical-align: inherit;\">I<\/span><\/span><\/span><span dir=\"auto\" style=\"vertical-align: inherit;\"><span dir=\"auto\" style=\"vertical-align: inherit;\"> \u8865\u5145\u4fe1\u606f<\/span><\/span><\/strong><\/h3>\n<p><span dir=\"auto\" style=\"vertical-align: inherit;\"><span dir=\"auto\" style=\"vertical-align: inherit;\">\u25b2 Offset use for gia c\u00f4ng v\u1eadt li\u1ec7u kh\u00f3 c\u1eaft v\u1edbi hi\u1ec7u su\u1ea5t cao h\u01a1n <\/span><\/span><br \/>\n<span dir=\"auto\" style=\"vertical-align: inherit;\"><span dir=\"auto\" style=\"vertical-align: inherit;\">\u25b2 Gi\u1ea3m thi\u1ec3u t\u1ed1i thi\u1ec3u t\u00e1c \u0111\u1ed9ng l\u00ean ng\u01b0\u1eddi s\u1eed d\u1ee5ng gi\u00fap gi\u1ea3m thi\u1ec3u rung \u0111\u1ed9ng v\u00e0 ti\u1ebfng \u1ed3n <\/span><\/span><br \/>\n<span dir=\"auto\" style=\"vertical-align: inherit;\"><span dir=\"auto\" style=\"vertical-align: inherit;\">\u25b2 Cung c\u1ea5p s\u1ea3n ph\u1ea9m ch\u1ea5t l\u01b0\u1ee3ng b\u1eb1ng c\u00e1ch s\u1eed d\u1ee5ng nguy\u00ean li\u1ec7u th\u00f4 lo\u1ea1i A tr\u1edf l\u00ean <\/span><\/span><br \/>\n<span dir=\"auto\" style=\"vertical-align: inherit;\"><span dir=\"auto\" style=\"vertical-align: inherit;\">\u25b2 \u0110\u00e1p \u1ee9ng ti\u00eau chu\u1ea9n an to\u00e0n cao nh\u1ea5t (ch\u1ee9ng nh\u1eadn KS) <\/span><\/span><br \/>\n<span dir=\"auto\" style=\"vertical-align: inherit;\"><span dir=\"auto\" style=\"vertical-align: inherit;\">\u25b2 M\u00e0i b\u00f3ng c\u00e1c v\u1eadt li\u1ec7u c\u1eaft nh\u01b0 kh\u00f4ng nh\u1ecf v\u00e0<\/span><\/span><\/p>\n<h3><strong><span style=\"color: #000080;\"><span dir=\"auto\" style=\"vertical-align: inherit;\"><span dir=\"auto\" style=\"vertical-align: inherit;\">I<\/span><\/span><\/span><span dir=\"auto\" style=\"vertical-align: inherit;\"><span dir=\"auto\" style=\"vertical-align: inherit;\"> \u4ea7\u54c1\u8be6\u60c5<\/span><\/span><\/strong><\/h3>\n<ul>\n<li><span dir=\"auto\" style=\"vertical-align: inherit;\"><span dir=\"auto\" style=\"vertical-align: inherit;\">\u5236\u9020\u5546: \u5e86\u5c1a\u5317\u9053\u6c38\u5ddd\u5e02\u672c\u6751\u5de5\u56e21\u8def34<\/span><\/span><\/li>\n<li><span dir=\"auto\" style=\"vertical-align: inherit;\"><span dir=\"auto\" style=\"vertical-align: inherit;\">\u53d1\u81ea: \u5e86\u5c1a\u5317\u9053\u6c38\u5ddd\u5e02\u672c\u6751\u5de5\u56e21\u8def34<\/span><\/span><\/li>\n<li><span dir=\"auto\" style=\"vertical-align: inherit;\"><span dir=\"auto\" style=\"vertical-align: inherit;\">K\u00edch th\u01b0\u1edbc (mm): 100*4*15.88<\/span><\/span><\/li>\n<li><span dir=\"auto\" style=\"vertical-align: inherit;\"><span dir=\"auto\" style=\"vertical-align: inherit;\">Lo\u1ea1i h\u1ea1t: WA<\/span><\/span><\/li>\n<li><span dir=\"auto\" style=\"vertical-align: inherit;\"><span dir=\"auto\" style=\"vertical-align: inherit;\">T\u1ed1c \u0111\u1ed9: 72m\/s<\/span><\/span><\/li>\n<\/ul>","protected":false},"excerpt":{"rendered":"<p><span dir=\"auto\" style=\"vertical-align: inherit;\"><span dir=\"auto\" style=\"vertical-align: inherit;\">\u0110\u00e1 m\u00e0i Offset \u0111\u01b0\u1ee3c ch\u1ebf t\u1ea1o b\u1eb1ng c\u00e1ch s\u1eed d\u1ee5ng kim lo\u1ea1i t\u1ed5ng h\u1ee3p l\u00e0m ch\u1ea5t k\u1ebft c\u1ea5u v\u00e0 \u0111\u1eb7t s\u1ee3i th\u1ee7y tinh l\u00e0m v\u1eadt li\u1ec7u gia c\u1ed1 \u1edf l\u1edbp gi\u1eefa \u0111\u00e1 m\u00e0i, th\u01b0\u1eddng \u0111\u01b0\u1ee3c g\u1eafn tr\u00ean m\u00e1y m\u00e0i c\u1ea7m tay \u0111\u1ec3 lo\u1ea1i b\u1ecf ph\u1ea7n nh\u00f4 ra c\u1ee7a lo\u1ea1i v\u1eadt li\u1ec7u kim lo\u1ea1i, phi kim v\u00e0 m\u00e0i c\u00e1c b\u1ec1 m\u1eb7t cong th\u00f4 r\u00e1p.<\/span><\/span><\/p>","protected":false},"featured_media":1629,"comment_status":"open","ping_status":"closed","template":"","meta":[],"product_brand":[],"product_cat":[40,17],"product_tag":[],"class_list":{"0":"post-137","1":"product","2":"type-product","3":"status-publish","4":"has-post-thumbnail","6":"product_cat-da-mai-cam-tay","7":"product_cat-resinnoid-wheels","9":"first","10":"instock","11":"taxable","12":"shipping-taxable","13":"product-type-simple"},"_links":{"self":[{"href":"https:\/\/samyangab-vn.com\/zh\/wp-json\/wp\/v2\/product\/137","targetHints":{"allow":["GET"]}}],"collection":[{"href":"https:\/\/samyangab-vn.com\/zh\/wp-json\/wp\/v2\/product"}],"about":[{"href":"https:\/\/samyangab-vn.com\/zh\/wp-json\/wp\/v2\/types\/product"}],"replies":[{"embeddable":true,"href":"https:\/\/samyangab-vn.com\/zh\/wp-json\/wp\/v2\/comments?post=137"}],"wp:featuredmedia":[{"embeddable":true,"href":"https:\/\/samyangab-vn.com\/zh\/wp-json\/wp\/v2\/media\/1629"}],"wp:attachment":[{"href":"https:\/\/samyangab-vn.com\/zh\/wp-json\/wp\/v2\/media?parent=137"}],"wp:term":[{"taxonomy":"product_brand","embeddable":true,"href":"https:\/\/samyangab-vn.com\/zh\/wp-json\/wp\/v2\/product_brand?post=137"},{"taxonomy":"product_cat","embeddable":true,"href":"https:\/\/samyangab-vn.com\/zh\/wp-json\/wp\/v2\/product_cat?post=137"},{"taxonomy":"product_tag","embeddable":true,"href":"https:\/\/samyangab-vn.com\/zh\/wp-json\/wp\/v2\/product_tag?post=137"}],"curies":[{"name":"wp","href":"https:\/\/api.w.org\/{rel}","templated":true}]}}