{"id":1973,"date":"2026-01-30T16:50:43","date_gmt":"2026-01-30T09:50:43","guid":{"rendered":"https:\/\/samyangab-vn.com\/?post_type=product&#038;p=1973"},"modified":"2026-02-05T15:41:13","modified_gmt":"2026-02-05T08:41:13","slug":"da-mai-xanh-4ss60i9v-180x19x31-75","status":"publish","type":"product","link":"https:\/\/samyangab-vn.com\/zh\/product\/da-mai-xanh-4ss60i9v-180x19x31-75\/","title":{"rendered":"\u0110\u00e1 m\u00e0i xanh 4SS60I9V 180x19x31.75"},"content":{"rendered":"<h3><strong><span style=\"color: #000080;\"><span dir=\"auto\" style=\"vertical-align: inherit;\">I<\/span><\/span><span dir=\"auto\" style=\"vertical-align: inherit;\"> \u4ea7\u54c1\u4fe1\u606f<\/span><\/strong><\/h3>\n<p><strong data-start=\"80\" data-end=\"108\">\u0110\u00e1 m\u00e0i cam 4SS60I9V <\/strong>\u0111\u01b0\u1ee3c s\u1eed d\u1ee5ng trong c\u00e1c c\u00f4ng \u0111o\u1ea1n <strong data-start=\"142\" data-end=\"203\">m\u00e0i b\u1ec1 m\u1eb7t y\u00eau c\u1ea7u \u0111\u1ed9 ch\u00ednh x\u00e1c k\u00edch th\u01b0\u1edbc v\u00e0 \u0111\u1ed9 nh\u00e1m cao<\/strong>, th\u00edch h\u1ee3p cho <strong data-start=\"219\" data-end=\"296\">m\u00e0i b\u1ec1 m\u1eb7t khu\u00f4n v\u00e0 chi ti\u1ebft ch\u01b0a qua nhi\u1ec7t luy\u1ec7n ho\u1eb7c \u0111\u00e3 nhi\u1ec7t luy\u1ec7n nh\u1eb9<\/strong>.<\/p>\n<h3><strong><span style=\"color: #000080;\"><span dir=\"auto\" style=\"vertical-align: inherit;\">I<\/span><\/span><span dir=\"auto\" style=\"vertical-align: inherit;\"> \u8865\u5145\u4fe1\u606f<\/span><\/strong><\/h3>\n<p class=\"translation-block\"><span dir=\"auto\" style=\"vertical-align: inherit\">\u25b2 \u91c7\u7528\u516c\u53f8\u81ea\u4e3b\u7814\u53d1\u7684\u9676\u74f7\u7ed3\u5408\u5242\uff08Vitrified Binder\uff09\uff0c\u5b9e\u73b0\u5353\u8d8a\u7684\u78e8\u524a\/\u5207\u524a\u6027\u80fd\u53ca\u4f4e\u78e8\u524a\u8d1f\u8f7d.<\/span><br>\n<span dir=\"auto\" style=\"vertical-align: inherit\">\u25b2 \u7802\u8f6e\u78e8\u635f\u5c0f\uff0c\u52a0\u5de5\u7cbe\u5ea6\u9ad8.<\/span><br>\n<span dir=\"auto\" style=\"vertical-align: inherit\">\u25b2 \u53ef\u6839\u636e\u52a0\u5de5\u6750\u6599\u9009\u62e9\u5408\u9002\u7684\u78e8\u6599\u7c7b\u578b\u53ca\u7c92\u5ea6.<\/span><br>\n<span dir=\"auto\" style=\"vertical-align: inherit\">\u25b2 \u53ef\u6309\u5ba2\u6237\u9700\u6c42\u5b9a\u5236\u591a\u79cd\u89c4\u683c\u5c3a\u5bf8\u7684\u7802\u8f6e\u4ea7\u54c1.<\/span><\/p>\n<h3><strong><span style=\"color: #000080;\"><span dir=\"auto\" style=\"vertical-align: inherit;\">I<\/span><\/span><span dir=\"auto\" style=\"vertical-align: inherit;\"> \u4ea7\u54c1\u8be6\u60c5<\/span><\/strong><\/h3>\n<ul>\n<li><span dir=\"auto\" style=\"vertical-align: inherit;\"><strong>\u5236\u9020\u5546:<\/strong> \u97e9\u56fd \u5e86\u5c1a\u5317\u9053 \u6c38\u5ddd\u5e02 Bonchongongdan-1\u8857 34\u53f7<\/span><\/li>\n<li><span dir=\"auto\" style=\"vertical-align: inherit;\"><strong>\u53d1\u8d27\u5730:<\/strong> \u97e9\u56fd \u5e86\u5c1a\u5317\u9053 \u6c38\u5ddd\u5e02 Bonchongongdan-1\u8857 34\u53f7<\/span><\/li>\n<li><span dir=\"auto\" style=\"vertical-align: inherit;\"><strong>\u5c3a\u5bf8 (mm):<\/strong>\u00a0180x19x31.75<\/span><\/li>\n<li><span dir=\"auto\" style=\"vertical-align: inherit;\"><strong>\u78e8\u6599\u7c7b\u578b\uff1a<\/strong> SS &#8211; Ceramic xanh<\/span><\/li>\n<li><span dir=\"auto\" style=\"vertical-align: inherit;\"><strong>\u5468\u8fb9\u901f\u5ea6:<\/strong> 33m\/s<\/span><\/li>\n<\/ul>\n<h3><strong><span style=\"color: #000080;\"><span dir=\"auto\" style=\"vertical-align: inherit;\">I <\/span><\/span><span dir=\"auto\" style=\"vertical-align: inherit;\">\u9002\u7528\u6750\u6599<\/span><\/strong><\/h3>\n<ul>\n<li><strong>\u672a\u70ed\u5904\u7406<\/strong><\/li>\n<\/ul>\n<table style=\"height: 106px; width: 100%; border-collapse: collapse; border-style: ridge; border-color: #d1d1d1;\" border=\"1\">\n<tbody>\n<tr style=\"height: 21px;\">\n<td style=\"width: 4.71101%; height: 85px; text-align: center;\" rowspan=\"3\"><strong>\u89c4\u683c<\/strong><\/td>\n<td style=\"width: 15.6858%; height: 21px; text-align: center;\" colspan=\"2\"><strong>\u94f8\u94c1<\/strong><\/td>\n<td style=\"width: 8.17454%; height: 64px; text-align: center;\" rowspan=\"2\"><strong>\u4e00\u822c\u7ed3\u6784\u94a2<\/strong><\/td>\n<td style=\"width: 64.2857%; height: 21px; text-align: center;\" colspan=\"9\"><strong>\u975e\u70ed\u5904\u7406<\/strong><\/td>\n<td style=\"width: 7.14285%; height: 64px; text-align: center;\" rowspan=\"2\"><strong>\u65e0\u5fc3\u7814\u78e8<\/strong><\/td>\n<\/tr>\n<tr style=\"height: 43px;\">\n<td style=\"width: 7.80607%; height: 43px; text-align: center;\"><strong>\u94f8\u94c1<\/strong><\/td>\n<td style=\"width: 7.87977%; height: 43px; text-align: center;\"><strong>\u7403\u58a8\u94f8\u94c1<\/strong><\/td>\n<td style=\"width: 7.14285%; height: 43px; text-align: center;\"><strong>\u78b3\u94a2<\/strong><\/td>\n<td style=\"width: 7.14285%; height: 43px; text-align: center;\"><strong>\u78b3\u7d20\u5de5\u5177\u94a2<\/strong><\/td>\n<td style=\"width: 7.14285%; height: 43px; text-align: center;\"><strong>\u5408\u91d1\u5de5\u5177\u94a2<\/strong><\/td>\n<td style=\"width: 7.14285%; height: 43px; text-align: center;\"><strong>\u94ec\u94bc\u94a2<\/strong><\/td>\n<td style=\"width: 7.14285%; height: 43px; text-align: center;\"><strong>\u954d\u94ec\u94bc\u94a2<\/strong><\/td>\n<td style=\"width: 7.14285%; height: 43px; text-align: center;\"><strong>\u70ed\u4f5c\u6a21\u5177\u94a2<\/strong><\/td>\n<td style=\"width: 7.14285%; height: 43px; text-align: center;\"><strong>\u51b7\u4f5c\u6a21\u5177\u94a2<\/strong><\/td>\n<td style=\"width: 7.14285%; height: 43px; text-align: center;\"><strong>\u9ad8\u901f\u5de5\u5177\u94a2<\/strong><\/td>\n<td style=\"width: 7.14285%; height: 43px; text-align: center;\"><strong>\u4e0d\u9508\u94a2<\/strong><\/td>\n<\/tr>\n<tr style=\"height: 21px;\">\n<td style=\"width: 7.80607%; height: 21px; text-align: center;\"><strong>FC250&#8230;<\/strong><\/td>\n<td style=\"width: 7.87977%; height: 21px; text-align: center;\"><strong>FC600&#8230;<\/strong><\/td>\n<td style=\"width: 8.17454%; height: 21px; text-align: center;\"><strong>SS400&#8230;<\/strong><\/td>\n<td style=\"width: 7.14285%; height: 21px; text-align: center;\"><strong>S45C, S50C&#8230;<\/strong><\/td>\n<td style=\"width: 7.14285%; height: 21px; text-align: center;\"><strong>SK4~, SK5~&#8230;<\/strong><\/td>\n<td style=\"width: 7.14285%; height: 21px; text-align: center;\"><strong>SK53&#8230;<\/strong><\/td>\n<td style=\"width: 7.14285%; height: 21px; text-align: center;\"><strong>SCM435 <\/strong><\/td>\n<td style=\"width: 7.14285%; height: 21px; text-align: center;\"><strong>SNCM435 <\/strong><\/td>\n<td style=\"width: 7.14285%; height: 21px; text-align: center;\"><strong>SKD61<\/strong><\/td>\n<td style=\"width: 7.14285%; height: 21px; text-align: center;\"><strong>SKD11, DC53&#8230;<\/strong><\/td>\n<td style=\"width: 7.14285%; height: 21px; text-align: center;\"><strong>SKH51<\/strong><\/td>\n<td style=\"width: 7.14285%; height: 21px; text-align: center;\"><strong>SUS404C, STAVAX, HPM38&#8230;<\/strong><\/td>\n<td style=\"width: 7.14285%; height: 21px; text-align: center;\"><\/td>\n<\/tr>\n<tr style=\"height: 21px;\">\n<td style=\"width: 4.71101%; height: 21px; text-align: center;\">SS<\/td>\n<td style=\"width: 7.80607%; height: 21px; text-align: center;\"><\/td>\n<td style=\"width: 7.87977%; height: 21px; text-align: center;\"><\/td>\n<td style=\"width: 8.17454%; height: 21px; text-align: center;\">GOOD<\/td>\n<td style=\"width: 7.14285%; height: 21px; text-align: center;\">GOOD<\/td>\n<td style=\"width: 7.14285%; height: 21px; text-align: center;\">GOOD<\/td>\n<td style=\"width: 7.14285%; height: 21px; text-align: center;\">GOOD<\/td>\n<td style=\"width: 7.14285%; height: 21px; text-align: center;\"><\/td>\n<td style=\"width: 7.14285%; height: 21px; text-align: center;\"><\/td>\n<td style=\"width: 7.14285%; height: 21px; text-align: center;\">GOOD<\/td>\n<td style=\"width: 7.14285%; height: 21px; text-align: center;\">GOOD<\/td>\n<td style=\"width: 7.14285%; height: 21px; text-align: center;\"><\/td>\n<td style=\"width: 7.14285%; height: 21px; text-align: center;\">GOOD<\/td>\n<td style=\"width: 7.14285%; height: 21px; text-align: center;\"><\/td>\n<\/tr>\n<\/tbody>\n<\/table>\n<ul>\n<li><strong>\u5df2\u70ed\u5904\u7406<\/strong> HRC 40~52<\/li>\n<\/ul>\n<table style=\"height: 105px; width: 100%; border-collapse: collapse; border-style: ridge; border-color: #d1d1d1;\" border=\"1\">\n<tbody>\n<tr style=\"height: 21px;\">\n<td style=\"width: 7.14285%; height: 84px; text-align: center;\" rowspan=\"4\"><strong>\u89c4\u683c<\/strong><\/td>\n<td style=\"width: 7.14285%; height: 21px; text-align: center;\" colspan=\"3\"><strong>\u6709\u8272\u91d1\u5c5e<\/strong><\/td>\n<td style=\"width: 64.2857%; height: 21px; text-align: center;\" colspan=\"9\"><strong>\u70ed\u5904\u7406\u540e<\/strong><\/td>\n<td style=\"width: 7.14285%; text-align: center; height: 21px;\"><\/td>\n<\/tr>\n<tr style=\"height: 21px;\">\n<td style=\"width: 7.14285%; height: 21px; text-align: center;\"><strong>\u94dc<\/strong><\/td>\n<td style=\"width: 7.14285%; height: 21px; text-align: center;\"><strong>\u94dd<\/strong><\/td>\n<td style=\"width: 7.14285%; text-align: center; height: 21px;\"><strong>\u786c\u8d28\u5408\u91d1<\/strong><\/td>\n<td style=\"width: 7.14285%; height: 21px; text-align: center;\"><strong>\u78b3\u94a2<\/strong><\/td>\n<td style=\"width: 7.14285%; height: 21px; text-align: center;\"><strong>\u78b3\u7d20\u5de5\u5177\u94a2<\/strong><\/td>\n<td style=\"width: 7.14285%; height: 21px; text-align: center;\"><strong>\u9ad8\u901f\u5de5\u5177\u94a2<\/strong><\/td>\n<td style=\"width: 7.14285%; height: 21px; text-align: center;\"><strong>\u4e0d\u9508\u94a2<\/strong><\/td>\n<td style=\"width: 7.14285%; height: 21px; text-align: center;\"><strong>\u5408\u91d1\u5de5\u5177\u94a2<\/strong><\/td>\n<td style=\"width: 7.14285%; height: 21px; text-align: center;\"><strong>\u94ec\u94bc\u94a2<\/strong><\/td>\n<td style=\"width: 7.14285%; height: 21px; text-align: center;\"><strong>\u954d\u94ec\u94bc\u94a2<\/strong><\/td>\n<td style=\"width: 7.14285%; height: 21px; text-align: center;\"><strong>\u70ed\u4f5c\u6a21\u5177\u94a2<\/strong><\/td>\n<td style=\"width: 7.14285%; height: 21px; text-align: center;\"><strong>\u51b7\u4f5c\u6a21\u5177\u94a2<\/strong><\/td>\n<td style=\"width: 7.14285%; text-align: center; height: 21px;\"><strong>\u4e0d\u9508\u94a2<\/strong><\/td>\n<\/tr>\n<tr style=\"height: 21px;\">\n<td style=\"width: 7.14285%; height: 21px; text-align: center;\"><\/td>\n<td style=\"width: 7.14285%; height: 21px; text-align: center;\"><\/td>\n<td style=\"width: 7.14285%; text-align: center; height: 21px;\"><\/td>\n<td style=\"width: 7.14285%; height: 21px; text-align: center;\"><strong>S45C, S50C&#8230;<\/strong><\/td>\n<td style=\"width: 7.14285%; text-align: center; height: 21px;\"><strong>SK4~, SK5~&#8230;<\/strong><\/td>\n<td style=\"width: 7.14285%; height: 21px; text-align: center;\"><strong>SKH51&#8230;<\/strong><\/td>\n<td style=\"width: 7.14285%; text-align: center; height: 21px;\"><strong>SUS404C, STAVAX, HPM38&#8230;<\/strong><\/td>\n<td style=\"width: 7.14285%; height: 21px; text-align: center;\"><strong>SK53&#8230;<\/strong><\/td>\n<td style=\"width: 7.14285%; text-align: center; height: 21px;\"><strong>SCM435 <\/strong><\/td>\n<td style=\"width: 7.14285%; height: 21px; text-align: center;\"><strong>SCM435<\/strong><\/td>\n<td style=\"width: 7.14285%; text-align: center; height: 21px;\"><strong>SKD61 <\/strong><\/td>\n<td style=\"width: 7.14285%; height: 21px; text-align: center;\"><strong>SKD11, DC53&#8230;<\/strong><\/td>\n<td style=\"width: 7.14285%; text-align: center; height: 21px;\"><strong>SUS303, 304&#8230;<\/strong><\/td>\n<\/tr>\n<tr style=\"height: 21px;\">\n<td style=\"width: 7.14285%; height: 21px; text-align: center;\"><\/td>\n<td style=\"width: 7.14285%; height: 21px; text-align: center;\"><\/td>\n<td style=\"width: 7.14285%; text-align: center; height: 21px;\"><\/td>\n<td style=\"width: 7.14285%; height: 21px; text-align: center;\"><strong>HRC 35 ~ 55\u00a0\u00a0<\/strong><\/td>\n<td style=\"width: 7.14285%; text-align: center; height: 21px;\"><strong>HRC 55 ~ 62<\/strong><\/td>\n<td style=\"width: 7.14285%; height: 21px; text-align: center;\"><strong>HRC 61 ~ 64<\/strong><\/td>\n<td style=\"width: 7.14285%; text-align: center; height: 21px;\"><strong>HRC 50~53<\/strong><\/td>\n<td style=\"width: 7.14285%; height: 21px; text-align: center;\"><strong>HRC 55~62<\/strong><\/td>\n<td style=\"width: 7.14285%; text-align: center; height: 21px;\"><strong>HRC 20~45<\/strong><\/td>\n<td style=\"width: 7.14285%; height: 21px; text-align: center;\"><strong>HRC 20~45<\/strong><\/td>\n<td style=\"width: 7.14285%; text-align: center; height: 21px;\"><strong>HRC 48~52<\/strong><\/td>\n<td style=\"width: 7.14285%; height: 21px; text-align: center;\"><strong>HRC 60~64<\/strong><\/td>\n<td style=\"width: 7.14285%; text-align: center; height: 21px;\"><\/td>\n<\/tr>\n<tr style=\"height: 21px;\">\n<td style=\"width: 7.14285%; height: 21px; text-align: center;\">SS<\/td>\n<td style=\"width: 7.14285%; height: 21px;\"><\/td>\n<td style=\"width: 7.14285%; height: 21px;\"><\/td>\n<td style=\"width: 7.14285%; height: 21px;\"><\/td>\n<td style=\"width: 7.14285%; height: 21px; text-align: center;\"><\/td>\n<td style=\"width: 7.14285%; height: 21px; text-align: center;\">BEST<\/td>\n<td style=\"width: 7.14285%; height: 21px; text-align: center;\">BEST<\/td>\n<td style=\"width: 7.14285%; height: 21px; text-align: center;\">BEST<\/td>\n<td style=\"width: 7.14285%; height: 21px; text-align: center;\">BEST<\/td>\n<td style=\"width: 7.14285%; height: 21px; text-align: center;\"><\/td>\n<td style=\"width: 7.14285%; height: 21px; text-align: center;\"><\/td>\n<td style=\"width: 7.14285%; height: 21px; text-align: center;\">BEST<\/td>\n<td style=\"width: 7.14285%; height: 21px; text-align: center;\">BEST<\/td>\n<td style=\"width: 7.14285%; height: 21px; text-align: center;\">GOOD<\/td>\n<\/tr>\n<\/tbody>\n<\/table>","protected":false},"excerpt":{"rendered":"<p><strong data-start=\"80\" data-end=\"108\">\u0110\u00e1 m\u00e0i cam 4SS60I9V <\/strong>\u0111\u01b0\u1ee3c s\u1eed d\u1ee5ng trong c\u00e1c c\u00f4ng \u0111o\u1ea1n <strong data-start=\"142\" data-end=\"203\">m\u00e0i b\u1ec1 m\u1eb7t y\u00eau c\u1ea7u \u0111\u1ed9 ch\u00ednh x\u00e1c k\u00edch th\u01b0\u1edbc v\u00e0 \u0111\u1ed9 nh\u00e1m cao<\/strong>, th\u00edch h\u1ee3p cho <strong data-start=\"219\" data-end=\"296\">m\u00e0i b\u1ec1 m\u1eb7t khu\u00f4n v\u00e0 chi ti\u1ebft ch\u01b0a qua nhi\u1ec7t luy\u1ec7n ho\u1eb7c \u0111\u00e3 nhi\u1ec7t luy\u1ec7n nh\u1eb9<\/strong>.<\/p>","protected":false},"featured_media":1982,"comment_status":"open","ping_status":"closed","template":"","meta":[],"product_brand":[],"product_cat":[31,18],"product_tag":[],"class_list":{"0":"post-1973","1":"product","2":"type-product","3":"status-publish","4":"has-post-thumbnail","6":"product_cat-da-mai-phang","7":"product_cat-vitrifield-wheels","9":"first","10":"instock","11":"taxable","12":"shipping-taxable","13":"product-type-simple"},"_links":{"self":[{"href":"https:\/\/samyangab-vn.com\/zh\/wp-json\/wp\/v2\/product\/1973","targetHints":{"allow":["GET"]}}],"collection":[{"href":"https:\/\/samyangab-vn.com\/zh\/wp-json\/wp\/v2\/product"}],"about":[{"href":"https:\/\/samyangab-vn.com\/zh\/wp-json\/wp\/v2\/types\/product"}],"replies":[{"embeddable":true,"href":"https:\/\/samyangab-vn.com\/zh\/wp-json\/wp\/v2\/comments?post=1973"}],"wp:featuredmedia":[{"embeddable":true,"href":"https:\/\/samyangab-vn.com\/zh\/wp-json\/wp\/v2\/media\/1982"}],"wp:attachment":[{"href":"https:\/\/samyangab-vn.com\/zh\/wp-json\/wp\/v2\/media?parent=1973"}],"wp:term":[{"taxonomy":"product_brand","embeddable":true,"href":"https:\/\/samyangab-vn.com\/zh\/wp-json\/wp\/v2\/product_brand?post=1973"},{"taxonomy":"product_cat","embeddable":true,"href":"https:\/\/samyangab-vn.com\/zh\/wp-json\/wp\/v2\/product_cat?post=1973"},{"taxonomy":"product_tag","embeddable":true,"href":"https:\/\/samyangab-vn.com\/zh\/wp-json\/wp\/v2\/product_tag?post=1973"}],"curies":[{"name":"wp","href":"https:\/\/api.w.org\/{rel}","templated":true}]}}